{"id":7254,"date":"2026-05-15T08:21:59","date_gmt":"2026-05-15T08:21:59","guid":{"rendered":"https:\/\/ucuzkaroser.com\/?post_type=product&#038;p=7254"},"modified":"2026-05-15T08:22:00","modified_gmt":"2026-05-15T08:22:00","slug":"540-cm-sabit-oto-kurtarici-kasasi-daily-den-inme","status":"publish","type":"product","link":"https:\/\/ucuzkaroser.com\/?product=540-cm-sabit-oto-kurtarici-kasasi-daily-den-inme","title":{"rendered":"540 CM SAB\u0130T OTO KURTARICI KASASI (DA\u0130LY DEN \u0130NME)"},"content":{"rendered":"<p><img decoding=\"async\" src=\"https:\/\/ucuzkaroser.com\/wp-content\/uploads\/2026\/03\/WWW-600x124.jpg\" \/><\/p>\n<p><span style=\"font-size: x-large;\"><b>SAB\u0130T OTO KURTARICI KASASI\u00a0<\/b><\/span><\/p>\n<div>\n<p><b><\/b><b><span style=\"font-size: x-large;\">BOY : 540 cm\u00a0\u00a0DI\u015e<\/span><\/b><\/p>\n<p><b><span style=\"font-size: x-large;\">EN : 220 cm\u00a0\u00a0DI\u015e<\/span><\/b><\/p>\n<p><b><span style=\"font-size: x-large;\">KAPAK : 12-18 cm<\/span><\/b><\/p>\n<p><b><span style=\"font-size: x-large;\"><span style=\"color: #ffffff;\">\u00a0F\u0130YAT : 112.850\u00a0TL<\/span><\/span><\/b><\/p>\n<\/div>\n","protected":false},"excerpt":{"rendered":"<p>SAB\u0130T OTO KURTARICI KASASI\u00a0 BOY : 540 cm\u00a0\u00a0DI\u015e EN : 220 cm\u00a0\u00a0DI\u015e KAPAK : 12-18 cm \u00a0F\u0130YAT : 112.850\u00a0TL<\/p>\n","protected":false},"featured_media":7256,"comment_status":"open","ping_status":"closed","template":"","meta":[],"class_list":{"0":"post-7254","1":"product","2":"type-product","3":"status-publish","4":"has-post-thumbnail","6":"product_cat-oto-kurtarici-kasasi","8":"first","9":"instock","10":"sale","11":"shipping-taxable","12":"purchasable","13":"product-type-simple"},"_links":{"self":[{"href":"https:\/\/ucuzkaroser.com\/index.php?rest_route=\/wp\/v2\/product\/7254","targetHints":{"allow":["GET"]}}],"collection":[{"href":"https:\/\/ucuzkaroser.com\/index.php?rest_route=\/wp\/v2\/product"}],"about":[{"href":"https:\/\/ucuzkaroser.com\/index.php?rest_route=\/wp\/v2\/types\/product"}],"replies":[{"embeddable":true,"href":"https:\/\/ucuzkaroser.com\/index.php?rest_route=%2Fwp%2Fv2%2Fcomments&post=7254"}],"wp:featuredmedia":[{"embeddable":true,"href":"https:\/\/ucuzkaroser.com\/index.php?rest_route=\/wp\/v2\/media\/7256"}],"wp:attachment":[{"href":"https:\/\/ucuzkaroser.com\/index.php?rest_route=%2Fwp%2Fv2%2Fmedia&parent=7254"}],"curies":[{"name":"wp","href":"https:\/\/api.w.org\/{rel}","templated":true}]}}