{"id":7205,"date":"2026-05-14T13:55:26","date_gmt":"2026-05-14T13:55:26","guid":{"rendered":"https:\/\/ucuzkaroser.com\/?post_type=product&#038;p=7205"},"modified":"2026-05-14T13:55:27","modified_gmt":"2026-05-14T13:55:27","slug":"400-cm-boyunda-sandvic-panel-kasa-12-ay-taksit-imkani","status":"publish","type":"product","link":"https:\/\/ucuzkaroser.com\/?product=400-cm-boyunda-sandvic-panel-kasa-12-ay-taksit-imkani","title":{"rendered":"400 CM BOYUNDA SANDV\u0130\u00c7 PANEL KASA (12 AY TAKS\u0130T \u0130MKANI)"},"content":{"rendered":"<p><img loading=\"lazy\" decoding=\"async\" class=\"alignnone wp-image-16361\" src=\"https:\/\/emrekasa.com.tr\/wp-content\/uploads\/2026\/02\/Isimsiz-1-400x51.jpg\" sizes=\"auto, (max-width: 557px) 100vw, 557px\" srcset=\"https:\/\/emrekasa.com.tr\/wp-content\/uploads\/2026\/02\/Isimsiz-1-400x51.jpg 400w, https:\/\/emrekasa.com.tr\/wp-content\/uploads\/2026\/02\/Isimsiz-1-768x98.jpg 768w, https:\/\/emrekasa.com.tr\/wp-content\/uploads\/2026\/02\/Isimsiz-1-860x110.jpg 860w, https:\/\/emrekasa.com.tr\/wp-content\/uploads\/2026\/02\/Isimsiz-1-430x55.jpg 430w, https:\/\/emrekasa.com.tr\/wp-content\/uploads\/2026\/02\/Isimsiz-1-700x89.jpg 700w, https:\/\/emrekasa.com.tr\/wp-content\/uploads\/2026\/02\/Isimsiz-1-150x19.jpg 150w, https:\/\/emrekasa.com.tr\/wp-content\/uploads\/2026\/02\/Isimsiz-1.jpg 1159w\" alt=\"\" width=\"557\" height=\"71\" \/><\/p>\n<p><b>SAB\u0130T BRANDALI KASA<\/b><\/p>\n<p><b>BOY : 400 cm\u00a0\u00a0DI\u015e<\/b><\/p>\n<div>\n<div>\n<p><b>EN : 220 cm\u00a0\u00a0DI\u015e<\/b><\/p>\n<p><b>Y\u00dcK : 220 cm \u0130\u00c7<\/b><\/p>\n<p><strong>TABAN : PLYWOOD<\/strong><\/p>\n<\/div>\n<\/div>\n","protected":false},"excerpt":{"rendered":"<p>SAB\u0130T BRANDALI KASA BOY : 400 cm\u00a0\u00a0DI\u015e EN : 220 cm\u00a0\u00a0DI\u015e Y\u00dcK : 220 cm \u0130\u00c7 TABAN : PLYWOOD<\/p>\n","protected":false},"featured_media":7209,"comment_status":"open","ping_status":"closed","template":"","meta":[],"class_list":{"0":"post-7205","1":"product","2":"type-product","3":"status-publish","4":"has-post-thumbnail","6":"product_cat-2-el-kasalar-urun-gruplari","7":"product_cat-sandivc-panel-kasa","9":"first","10":"instock","11":"sale","12":"shipping-taxable","13":"purchasable","14":"product-type-simple"},"_links":{"self":[{"href":"https:\/\/ucuzkaroser.com\/index.php?rest_route=\/wp\/v2\/product\/7205","targetHints":{"allow":["GET"]}}],"collection":[{"href":"https:\/\/ucuzkaroser.com\/index.php?rest_route=\/wp\/v2\/product"}],"about":[{"href":"https:\/\/ucuzkaroser.com\/index.php?rest_route=\/wp\/v2\/types\/product"}],"replies":[{"embeddable":true,"href":"https:\/\/ucuzkaroser.com\/index.php?rest_route=%2Fwp%2Fv2%2Fcomments&post=7205"}],"wp:featuredmedia":[{"embeddable":true,"href":"https:\/\/ucuzkaroser.com\/index.php?rest_route=\/wp\/v2\/media\/7209"}],"wp:attachment":[{"href":"https:\/\/ucuzkaroser.com\/index.php?rest_route=%2Fwp%2Fv2%2Fmedia&parent=7205"}],"curies":[{"name":"wp","href":"https:\/\/api.w.org\/{rel}","templated":true}]}}