{"id":7135,"date":"2026-05-04T11:55:32","date_gmt":"2026-05-04T11:55:32","guid":{"rendered":"https:\/\/ucuzkaroser.com\/?post_type=product&#038;p=7135"},"modified":"2026-05-04T11:55:32","modified_gmt":"2026-05-04T11:55:32","slug":"romork-o2-belgeli-2700-kg-tasima-kapasiteli-kalin-sasi","status":"publish","type":"product","link":"https:\/\/ucuzkaroser.com\/?product=romork-o2-belgeli-2700-kg-tasima-kapasiteli-kalin-sasi","title":{"rendered":"R\u00d6MORK O2 BELGEL\u0130 2700 KG TA\u015eIMA KAPAS\u0130TEL\u0130 KALIN \u015eAS\u0130"},"content":{"rendered":"<div><img decoding=\"async\" src=\"https:\/\/ucuzkaroser.com\/wp-content\/uploads\/2026\/03\/WWW-600x124.jpg\" \/><b><u><\/u><\/b><\/div>\n<div><span style=\"color: #ff0000; font-family: times new roman, serif; font-size: large;\"><b><u>TA\u015eIMA R\u00d6MORKU<\/u><\/b><\/span><\/div>\n<div><\/div>\n<div>\n<p><span style=\"font-size: large;\"><b>Ebat\u0131 400&#215;210<\/b><\/span><\/p>\n<p><span style=\"font-size: large;\"><b>O2 Belgeli<\/b><\/span><\/p>\n<p><b><span style=\"font-size: large;\">5 mm galvaniz \u015fasi<\/span><\/b><\/p>\n<p><span style=\"font-size: large;\"><b>Knott Frenli Kaplin<\/b><\/span><\/p>\n<p><b><span style=\"font-size: large;\">Alko Krikolu \u00f6n denge tekeri<br \/>\n<\/span><\/b><\/p>\n<p><b><span style=\"font-size: large;\">Avrupa standartlar\u0131na uygun elektrik tesisat\u0131<\/span><\/b><\/p>\n<p><b><span style=\"font-size: large;\">13 inc lastik ve jant<\/span><\/b><\/p>\n<p><b><span style=\"font-size: large;\">2700 kg ta\u015f\u0131ma kapasiteli frenli dingil<\/span><\/b><\/p>\n<\/div>\n","protected":false},"excerpt":{"rendered":"<p>TA\u015eIMA R\u00d6MORKU Ebat\u0131 400&#215;210 O2 Belgeli 5 mm galvaniz \u015fasi Knott Frenli Kaplin Alko Krikolu \u00f6n denge tekeri Avrupa standartlar\u0131na uygun elektrik tesisat\u0131 13 inc lastik ve jant 2700 kg ta\u015f\u0131ma kapasiteli frenli dingil<\/p>\n","protected":false},"featured_media":7136,"comment_status":"open","ping_status":"closed","template":"","meta":[],"class_list":{"0":"post-7135","1":"product","2":"type-product","3":"status-publish","4":"has-post-thumbnail","6":"product_cat-romork","8":"first","9":"instock","10":"sale","11":"shipping-taxable","12":"purchasable","13":"product-type-simple"},"_links":{"self":[{"href":"https:\/\/ucuzkaroser.com\/index.php?rest_route=\/wp\/v2\/product\/7135","targetHints":{"allow":["GET"]}}],"collection":[{"href":"https:\/\/ucuzkaroser.com\/index.php?rest_route=\/wp\/v2\/product"}],"about":[{"href":"https:\/\/ucuzkaroser.com\/index.php?rest_route=\/wp\/v2\/types\/product"}],"replies":[{"embeddable":true,"href":"https:\/\/ucuzkaroser.com\/index.php?rest_route=%2Fwp%2Fv2%2Fcomments&post=7135"}],"wp:featuredmedia":[{"embeddable":true,"href":"https:\/\/ucuzkaroser.com\/index.php?rest_route=\/wp\/v2\/media\/7136"}],"wp:attachment":[{"href":"https:\/\/ucuzkaroser.com\/index.php?rest_route=%2Fwp%2Fv2%2Fmedia&parent=7135"}],"curies":[{"name":"wp","href":"https:\/\/api.w.org\/{rel}","templated":true}]}}