{"id":7054,"date":"2026-04-21T13:55:38","date_gmt":"2026-04-21T13:55:38","guid":{"rendered":"https:\/\/ucuzkaroser.com\/?post_type=product&#038;p=7054"},"modified":"2026-04-21T13:55:38","modified_gmt":"2026-04-21T13:55:38","slug":"530-cm-boyunda-ilaveli-ahsap-kasa-12-ay-taksit-imkani","status":"publish","type":"product","link":"https:\/\/ucuzkaroser.com\/?product=530-cm-boyunda-ilaveli-ahsap-kasa-12-ay-taksit-imkani","title":{"rendered":"530 CM BOYUNDA \u0130LAVEL\u0130 AH\u015eAP KASA (12 AY TAKS\u0130T \u0130MKANI)"},"content":{"rendered":"<p><b>\u0130LAVEL\u0130 AH\u015eAP KASA\u00a0<\/b><\/p>\n<p><b>BOY : 530 cm\u00a0\u00a0DI\u015e<\/b><\/p>\n<div>\n<p><b>EN : 225 cm\u00a0\u00a0DI\u015e<\/b><\/p>\n<p><b>KAPAK : 70 cm \u0130\u00c7<\/b><\/p>\n<p><b>\u0130LAVE : 25 cm \u0130\u00c7<\/b><\/p>\n<p><b>TABAN : 1 TAHTA 1 SAC<\/b><\/p>\n<\/div>\n","protected":false},"excerpt":{"rendered":"<p>\u0130LAVEL\u0130 AH\u015eAP KASA\u00a0 BOY : 530 cm\u00a0\u00a0DI\u015e EN : 225 cm\u00a0\u00a0DI\u015e KAPAK : 70 cm \u0130\u00c7 \u0130LAVE : 25 cm \u0130\u00c7 TABAN : 1 TAHTA 1 SAC<\/p>\n","protected":false},"featured_media":7055,"comment_status":"open","ping_status":"closed","template":"","meta":[],"class_list":{"0":"post-7054","1":"product","2":"type-product","3":"status-publish","4":"has-post-thumbnail","6":"product_cat-2-el-kasalar-urun-gruplari","7":"product_cat-ahsap-kasa","9":"first","10":"instock","11":"sale","12":"shipping-taxable","13":"purchasable","14":"product-type-simple"},"_links":{"self":[{"href":"https:\/\/ucuzkaroser.com\/index.php?rest_route=\/wp\/v2\/product\/7054","targetHints":{"allow":["GET"]}}],"collection":[{"href":"https:\/\/ucuzkaroser.com\/index.php?rest_route=\/wp\/v2\/product"}],"about":[{"href":"https:\/\/ucuzkaroser.com\/index.php?rest_route=\/wp\/v2\/types\/product"}],"replies":[{"embeddable":true,"href":"https:\/\/ucuzkaroser.com\/index.php?rest_route=%2Fwp%2Fv2%2Fcomments&post=7054"}],"wp:featuredmedia":[{"embeddable":true,"href":"https:\/\/ucuzkaroser.com\/index.php?rest_route=\/wp\/v2\/media\/7055"}],"wp:attachment":[{"href":"https:\/\/ucuzkaroser.com\/index.php?rest_route=%2Fwp%2Fv2%2Fmedia&parent=7054"}],"curies":[{"name":"wp","href":"https:\/\/api.w.org\/{rel}","templated":true}]}}