{"id":7046,"date":"2026-04-21T13:47:52","date_gmt":"2026-04-21T13:47:52","guid":{"rendered":"https:\/\/ucuzkaroser.com\/?post_type=product&#038;p=7046"},"modified":"2026-04-21T13:48:12","modified_gmt":"2026-04-21T13:48:12","slug":"410-cm-boyunda-polyester-kasa-12-ay-taksit","status":"publish","type":"product","link":"https:\/\/ucuzkaroser.com\/?product=410-cm-boyunda-polyester-kasa-12-ay-taksit","title":{"rendered":"410 CM BOYUNDA POLYESTER KASA (12 AY TAKS\u0130T \u0130MKANIYLA)"},"content":{"rendered":"<p><b>POLYESTER KASA<\/b><\/p>\n<p><b>BOY : 410 cm\u00a0\u00a0DI\u015e<\/b><\/p>\n<div>\n<p><b>EN : 210 cm\u00a0\u00a0DI\u015e<\/b><\/p>\n<p><b>Y\u00dcK : 190 cm \u0130\u00c7<\/b><\/p>\n<p><b>TABAN : PLYWOOD+EPOKS\u0130<\/b><\/p>\n<\/div>\n","protected":false},"excerpt":{"rendered":"<p>POLYESTER KASA BOY : 410 cm\u00a0\u00a0DI\u015e EN : 210 cm\u00a0\u00a0DI\u015e Y\u00dcK : 190 cm \u0130\u00c7 TABAN : PLYWOOD+EPOKS\u0130<\/p>\n","protected":false},"featured_media":7049,"comment_status":"open","ping_status":"closed","template":"","meta":[],"class_list":{"0":"post-7046","1":"product","2":"type-product","3":"status-publish","4":"has-post-thumbnail","6":"product_cat-2-el-kasalar-urun-gruplari","7":"product_cat-polyester-kasa","9":"first","10":"instock","11":"sale","12":"shipping-taxable","13":"purchasable","14":"product-type-simple"},"_links":{"self":[{"href":"https:\/\/ucuzkaroser.com\/index.php?rest_route=\/wp\/v2\/product\/7046","targetHints":{"allow":["GET"]}}],"collection":[{"href":"https:\/\/ucuzkaroser.com\/index.php?rest_route=\/wp\/v2\/product"}],"about":[{"href":"https:\/\/ucuzkaroser.com\/index.php?rest_route=\/wp\/v2\/types\/product"}],"replies":[{"embeddable":true,"href":"https:\/\/ucuzkaroser.com\/index.php?rest_route=%2Fwp%2Fv2%2Fcomments&post=7046"}],"wp:featuredmedia":[{"embeddable":true,"href":"https:\/\/ucuzkaroser.com\/index.php?rest_route=\/wp\/v2\/media\/7049"}],"wp:attachment":[{"href":"https:\/\/ucuzkaroser.com\/index.php?rest_route=%2Fwp%2Fv2%2Fmedia&parent=7046"}],"curies":[{"name":"wp","href":"https:\/\/api.w.org\/{rel}","templated":true}]}}