{"id":6956,"date":"2026-04-09T08:19:03","date_gmt":"2026-04-09T08:19:03","guid":{"rendered":"https:\/\/ucuzkaroser.com\/?post_type=product&#038;p=6956"},"modified":"2026-04-09T08:22:23","modified_gmt":"2026-04-09T08:22:23","slug":"420-cm-boyunda-tenteli-sac-kasa-12-ay-taksit-imkani","status":"publish","type":"product","link":"https:\/\/ucuzkaroser.com\/?product=420-cm-boyunda-tenteli-sac-kasa-12-ay-taksit-imkani","title":{"rendered":"420 CM BOYUNDA TENTEL\u0130 SAC KASA (12 AY TAKS\u0130T \u0130MKANI)"},"content":{"rendered":"<p><img loading=\"lazy\" decoding=\"async\" class=\"alignnone wp-image-16361\" src=\"https:\/\/emrekasa.com.tr\/wp-content\/uploads\/2026\/02\/Isimsiz-1-400x51.jpg\" sizes=\"auto, (max-width: 557px) 100vw, 557px\" srcset=\"https:\/\/emrekasa.com.tr\/wp-content\/uploads\/2026\/02\/Isimsiz-1-400x51.jpg 400w, https:\/\/emrekasa.com.tr\/wp-content\/uploads\/2026\/02\/Isimsiz-1-768x98.jpg 768w, https:\/\/emrekasa.com.tr\/wp-content\/uploads\/2026\/02\/Isimsiz-1-860x110.jpg 860w, https:\/\/emrekasa.com.tr\/wp-content\/uploads\/2026\/02\/Isimsiz-1-430x55.jpg 430w, https:\/\/emrekasa.com.tr\/wp-content\/uploads\/2026\/02\/Isimsiz-1-700x89.jpg 700w, https:\/\/emrekasa.com.tr\/wp-content\/uploads\/2026\/02\/Isimsiz-1-150x19.jpg 150w, https:\/\/emrekasa.com.tr\/wp-content\/uploads\/2026\/02\/Isimsiz-1.jpg 1159w\" alt=\"\" width=\"557\" height=\"71\" \/><\/p>\n<p><b>TENTEL\u0130 SAC KASA<\/b><\/p>\n<p><b>BOY : 420 cm\u00a0\u00a0DI\u015e<\/b><\/p>\n<div>\n<div>\n<p><b>EN : 220 cm\u00a0\u00a0DI\u015e<\/b><\/p>\n<p><b>Y\u00dcK : 220 cm \u0130\u00c7<\/b><\/p>\n<p><strong>TABAN : BAKLAVA SAC<\/strong><\/p>\n<\/div>\n<\/div>\n","protected":false},"excerpt":{"rendered":"<p>TENTEL\u0130 SAC KASA BOY : 420 cm\u00a0\u00a0DI\u015e EN : 220 cm\u00a0\u00a0DI\u015e Y\u00dcK : 220 cm \u0130\u00c7 TABAN : BAKLAVA SAC<\/p>\n","protected":false},"featured_media":6959,"comment_status":"open","ping_status":"closed","template":"","meta":[],"class_list":{"0":"post-6956","1":"product","2":"type-product","3":"status-publish","4":"has-post-thumbnail","6":"product_cat-2-el-kasalar-urun-gruplari","7":"product_cat-brandali-acik-sac-kasa","8":"product_cat-brandali-acik-sac-kasa-urun-gruplari","10":"first","11":"instock","12":"sale","13":"shipping-taxable","14":"purchasable","15":"product-type-simple"},"_links":{"self":[{"href":"https:\/\/ucuzkaroser.com\/index.php?rest_route=\/wp\/v2\/product\/6956","targetHints":{"allow":["GET"]}}],"collection":[{"href":"https:\/\/ucuzkaroser.com\/index.php?rest_route=\/wp\/v2\/product"}],"about":[{"href":"https:\/\/ucuzkaroser.com\/index.php?rest_route=\/wp\/v2\/types\/product"}],"replies":[{"embeddable":true,"href":"https:\/\/ucuzkaroser.com\/index.php?rest_route=%2Fwp%2Fv2%2Fcomments&post=6956"}],"wp:featuredmedia":[{"embeddable":true,"href":"https:\/\/ucuzkaroser.com\/index.php?rest_route=\/wp\/v2\/media\/6959"}],"wp:attachment":[{"href":"https:\/\/ucuzkaroser.com\/index.php?rest_route=%2Fwp%2Fv2%2Fmedia&parent=6956"}],"curies":[{"name":"wp","href":"https:\/\/api.w.org\/{rel}","templated":true}]}}