{"id":6884,"date":"2026-03-26T11:56:22","date_gmt":"2026-03-26T11:56:22","guid":{"rendered":"https:\/\/ucuzkaroser.com\/?post_type=product&#038;p=6884"},"modified":"2026-03-26T11:56:22","modified_gmt":"2026-03-26T11:56:22","slug":"430-cm-boyunda-kayar-perdeli-kasa-12-ay-taksit-imkani","status":"publish","type":"product","link":"https:\/\/ucuzkaroser.com\/?product=430-cm-boyunda-kayar-perdeli-kasa-12-ay-taksit-imkani","title":{"rendered":"430 CM BOYUNDA KAYAR PERDEL\u0130 KASA (12 AY TAKS\u0130T \u0130MKANI)"},"content":{"rendered":"<div class=\"product-tabs-wrapper\">\n<div class=\"container\">\n<div class=\"row\">\n<div class=\"col-12 poduct-tabs-inner\">\n<div class=\"woocommerce-tabs wc-tabs-wrapper tabs-layout-tabs\" data-state=\"first\" data-layout=\"tabs\">\n<div class=\"wd-accordion-item\">\n<div id=\"tab-description\" class=\"entry-content woocommerce-Tabs-panel woocommerce-Tabs-panel--description wd-active panel wc-tab\" role=\"tabpanel\" aria-labelledby=\"tab-title-description\" data-accordion-index=\"description\">\n<div class=\"wc-tab-inner\">\n<p><b><img loading=\"lazy\" decoding=\"async\" class=\"alignnone wp-image-16361\" src=\"https:\/\/emrekasa.com.tr\/wp-content\/uploads\/2026\/02\/Isimsiz-1-400x51.jpg\" sizes=\"auto, (max-width: 494px) 100vw, 494px\" srcset=\"https:\/\/emrekasa.com.tr\/wp-content\/uploads\/2026\/02\/Isimsiz-1-400x51.jpg 400w, https:\/\/emrekasa.com.tr\/wp-content\/uploads\/2026\/02\/Isimsiz-1-768x98.jpg 768w, https:\/\/emrekasa.com.tr\/wp-content\/uploads\/2026\/02\/Isimsiz-1-860x110.jpg 860w, https:\/\/emrekasa.com.tr\/wp-content\/uploads\/2026\/02\/Isimsiz-1-430x55.jpg 430w, https:\/\/emrekasa.com.tr\/wp-content\/uploads\/2026\/02\/Isimsiz-1-700x89.jpg 700w, https:\/\/emrekasa.com.tr\/wp-content\/uploads\/2026\/02\/Isimsiz-1-150x19.jpg 150w, https:\/\/emrekasa.com.tr\/wp-content\/uploads\/2026\/02\/Isimsiz-1.jpg 1159w\" alt=\"\" width=\"494\" height=\"63\" \/><\/b><\/p>\n<p><b>KAYAR BRANDALI KASA (BURUNLU)<\/b><\/p>\n<div>\n<p><b>BOY : 430 cm\u00a0\u00a0DI\u015e<\/b><\/p>\n<p><b>EN\u00a0 \u00a0: 220 cm\u00a0\u00a0DI\u015e<\/b><\/p>\n<p><b>Y\u00dcK : 240 cm \u0130\u00c7<\/b><\/p>\n<p><b>TABAN : 1 TAHTA 1 SAC<br \/>\n<\/b><\/p>\n<p><b>\u00a0RENK : BEYAZ<\/b><\/p>\n<\/div>\n<\/div>\n<\/div>\n<\/div>\n<\/div>\n<\/div>\n<\/div>\n<\/div>\n<\/div>\n<div class=\"container related-and-upsells\">\n<div class=\"related-products\"><\/div>\n<\/div>\n","protected":false},"excerpt":{"rendered":"<p>KAYAR BRANDALI KASA (BURUNLU) BOY : 430 cm\u00a0\u00a0DI\u015e EN\u00a0 \u00a0: 220 cm\u00a0\u00a0DI\u015e Y\u00dcK : 240 cm \u0130\u00c7 TABAN : 1 TAHTA 1 SAC \u00a0RENK : BEYAZ<\/p>\n","protected":false},"featured_media":6888,"comment_status":"open","ping_status":"closed","template":"","meta":[],"class_list":{"0":"post-6884","1":"product","2":"type-product","3":"status-publish","4":"has-post-thumbnail","6":"product_cat-2-el-kasalar-urun-gruplari","7":"product_cat-kayar-brandali-kasa","9":"first","10":"instock","11":"sale","12":"shipping-taxable","13":"purchasable","14":"product-type-simple"},"_links":{"self":[{"href":"https:\/\/ucuzkaroser.com\/index.php?rest_route=\/wp\/v2\/product\/6884","targetHints":{"allow":["GET"]}}],"collection":[{"href":"https:\/\/ucuzkaroser.com\/index.php?rest_route=\/wp\/v2\/product"}],"about":[{"href":"https:\/\/ucuzkaroser.com\/index.php?rest_route=\/wp\/v2\/types\/product"}],"replies":[{"embeddable":true,"href":"https:\/\/ucuzkaroser.com\/index.php?rest_route=%2Fwp%2Fv2%2Fcomments&post=6884"}],"wp:featuredmedia":[{"embeddable":true,"href":"https:\/\/ucuzkaroser.com\/index.php?rest_route=\/wp\/v2\/media\/6888"}],"wp:attachment":[{"href":"https:\/\/ucuzkaroser.com\/index.php?rest_route=%2Fwp%2Fv2%2Fmedia&parent=6884"}],"curies":[{"name":"wp","href":"https:\/\/api.w.org\/{rel}","templated":true}]}}