{"id":6708,"date":"2026-03-09T07:56:18","date_gmt":"2026-03-09T07:56:18","guid":{"rendered":"https:\/\/ucuzkaroser.com\/?post_type=product&#038;p=6708"},"modified":"2026-04-10T13:52:43","modified_gmt":"2026-04-10T13:52:43","slug":"2025-model-20-000-km-de-renault-megane-4","status":"publish","type":"product","link":"https:\/\/ucuzkaroser.com\/?product=2025-model-20-000-km-de-renault-megane-4","title":{"rendered":"2025 MODEL 20.000 KM DE RENAULT MEGANE 4 \u0130CON+"},"content":{"rendered":"<div><b><span style=\"font-family: times new roman, serif;\"><u><br \/>\n<span style=\"font-size: medium;\">RENAULT MEGANE 1.3 TCE 140 HP \u0130CON+\u200b<\/span><\/u><\/span><\/b><\/div>\n<div><b><span style=\"font-family: times new roman, serif; font-size: medium;\">2025 MODEL &#8211; 20.000 KM<\/span><\/b><\/div>\n<div><span style=\"font-family: times new roman, serif; font-size: medium;\"><b>HATASIZ BOYASIZ TRAMERS\u0130Z<\/b><\/span><\/div>\n<div><span style=\"font-family: times new roman, serif; font-size: medium;\"><b>ARACIN GARANT\u0130S\u0130 DEVAM ETMEKTED\u0130R<\/b><\/span><\/div>\n<div><b><span style=\"font-family: times new roman, serif; font-size: medium;\">%20 KDV DAH\u0130L FATURALI\u200b<\/span><\/b><\/div>\n<div><b><span style=\"font-family: times new roman, serif; font-size: medium;\">KRED\u0130 KARTI GE\u00c7ERL\u0130D\u0130R<br \/>\n<\/span><\/b><\/div>\n<div><b><span style=\"font-family: times new roman, serif; font-size: medium;\">\u00a0<\/span><\/b><\/div>\n<div><b><span style=\"font-family: times new roman, serif;\"><span style=\"font-size: medium;\">ARACIMIZ BAY\u0130 \u00c7IKI\u015eLI OLUP SIFIR ALINMI\u015eTIR<\/span><\/span><\/b><\/div>\n<div><b><span style=\"font-family: times new roman, serif;\"><span style=\"font-size: medium;\">\u00a0\u0130LK BAKIMI YETK\u0130L\u0130 SERV\u0130STE YAPILMI\u015eTIR<\/span><\/span><\/b><\/div>\n<div><b><span style=\"font-family: times new roman, serif; font-size: large;\">\u00a0<\/span><\/b><\/div>\n<div><\/div>\n<div><b><u><span style=\"font-family: times new roman, serif;\"><span style=\"color: #ff0000; font-size: medium;\">\u0130CON PAKETE EK OPS\u0130YONLAR<\/span><\/span><\/u><\/b><\/div>\n<div><\/div>\n<div><b><span style=\"font-family: times new roman, serif; font-size: small;\">ELEKTR\u0130KL\u0130 A\u00c7ILIR PANORAM\u0130K CAM TAVAN<\/span><\/b><\/div>\n<div><b><span style=\"font-family: times new roman, serif; font-size: small;\">\u00a0<\/span><\/b><\/div>\n<div><b><span style=\"font-family: times new roman, serif; font-size: small;\">18 \u0130N\u00c7 ELMAS KES\u0130M AL\u00dcM\u0130NYUM JANTLAR<\/span><\/b><\/div>\n<div><b><span style=\"font-family: times new roman, serif; font-size: small;\">\u00a0<\/span><\/b><\/div>\n<div><b><span style=\"font-family: times new roman, serif; font-size: small;\">ISITMALI S\u00dcR\u00dcC\u00dc VE YOLCU KOLTU\u011eU<\/span><\/b><\/div>\n<div><b><span style=\"font-family: times new roman, serif; font-size: small;\">\u00a0<\/span><\/b><\/div>\n<div><b><span style=\"font-family: times new roman, serif; font-size: small;\">ADAPT\u0130F CRU\u0130SE CONTROL (STOP&amp;GO)<\/span><\/b><\/div>\n<div><b><span style=\"font-family: times new roman, serif; font-size: small;\">\u00a0<\/span><\/b><\/div>\n<div><span style=\"font-family: times new roman, serif; font-size: small;\"><b>YEDEK LAST\u0130K STEPNE<\/b><\/span><\/div>\n","protected":false},"excerpt":{"rendered":"<p>RENAULT MEGANE 1.3 TCE 140 HP \u0130CON+\u200b 2025 MODEL &#8211; 20.000 KM HATASIZ BOYASIZ TRAMERS\u0130Z ARACIN GARANT\u0130S\u0130 DEVAM ETMEKTED\u0130R %20 KDV DAH\u0130L FATURALI\u200b KRED\u0130 KARTI GE\u00c7ERL\u0130D\u0130R \u00a0 ARACIMIZ BAY\u0130 \u00c7IKI\u015eLI OLUP SIFIR ALINMI\u015eTIR \u00a0\u0130LK BAKIMI YETK\u0130L\u0130 SERV\u0130STE YAPILMI\u015eTIR \u00a0 \u0130CON PAKETE EK OPS\u0130YONLAR ELEKTR\u0130KL\u0130 A\u00c7ILIR PANORAM\u0130K CAM TAVAN \u00a0 18 \u0130N\u00c7 ELMAS KES\u0130M AL\u00dcM\u0130NYUM JANTLAR..<\/p>\n","protected":false},"featured_media":6712,"comment_status":"open","ping_status":"closed","template":"","meta":[],"class_list":{"0":"post-6708","1":"product","2":"type-product","3":"status-publish","4":"has-post-thumbnail","6":"product_cat-araclar-2","8":"first","9":"instock","10":"shipping-taxable","11":"purchasable","12":"product-type-simple"},"_links":{"self":[{"href":"https:\/\/ucuzkaroser.com\/index.php?rest_route=\/wp\/v2\/product\/6708","targetHints":{"allow":["GET"]}}],"collection":[{"href":"https:\/\/ucuzkaroser.com\/index.php?rest_route=\/wp\/v2\/product"}],"about":[{"href":"https:\/\/ucuzkaroser.com\/index.php?rest_route=\/wp\/v2\/types\/product"}],"replies":[{"embeddable":true,"href":"https:\/\/ucuzkaroser.com\/index.php?rest_route=%2Fwp%2Fv2%2Fcomments&post=6708"}],"wp:featuredmedia":[{"embeddable":true,"href":"https:\/\/ucuzkaroser.com\/index.php?rest_route=\/wp\/v2\/media\/6712"}],"wp:attachment":[{"href":"https:\/\/ucuzkaroser.com\/index.php?rest_route=%2Fwp%2Fv2%2Fmedia&parent=6708"}],"curies":[{"name":"wp","href":"https:\/\/api.w.org\/{rel}","templated":true}]}}