{"id":6686,"date":"2026-03-09T07:45:03","date_gmt":"2026-03-09T07:45:03","guid":{"rendered":"https:\/\/ucuzkaroser.com\/?post_type=product&#038;p=6686"},"modified":"2026-03-09T07:49:37","modified_gmt":"2026-03-09T07:49:37","slug":"2025-model-5-000-km-de-ford-tourneo-courier-titanium","status":"publish","type":"product","link":"https:\/\/ucuzkaroser.com\/?product=2025-model-5-000-km-de-ford-tourneo-courier-titanium","title":{"rendered":"2025 MODEL 5.000 KM DE FORD TOURNEO COUR\u0130ER T\u0130TAN\u0130UM"},"content":{"rendered":"<div><b><span style=\"font-family: times new roman, serif; font-size: large;\"><u>FORD TOURNEO COUR\u0130ER 1.5 ECOBLUE 100 HP\u200b<\/u><\/span><\/b><\/div>\n<div><b><span style=\"font-family: times new roman, serif; font-size: large;\">2025 MODEL &#8211; 5.000 KM<\/span><\/b><\/div>\n<div><span style=\"font-family: times new roman, serif; font-size: large;\"><b>HATASIZ BOYASIZ \u00c7\u0130Z\u0130KS\u0130Z\u00a0<\/b><\/span><\/div>\n<div><b><span style=\"font-family: times new roman, serif; font-size: large;\">%20 KDV DAH\u0130L FATURALI\u200b<\/span><\/b><\/div>\n<div><b><span style=\"font-family: times new roman, serif; font-size: large;\">KRED\u0130 KARTI GE\u00c7ERL\u0130D\u0130R<br \/>\n<\/span><\/b><\/div>\n<div><b><span style=\"font-family: times new roman, serif; font-size: large;\">\u00a0<\/span><\/b><\/div>\n<div><b><span style=\"font-family: times new roman, serif; font-size: large;\">ARACIMIZ SIFIR ALINMI\u015e BAY\u0130 \u00c7IKI\u015eLI OLUP T\u0130T\u0130Z KULLANILMI\u015eTIR<\/p>\n<p><\/span><\/b><\/div>\n<div><b><span style=\"font-family: times new roman, serif; font-size: large;\">\u00a0<\/span><\/b><\/div>\n<div><\/div>\n<div><b><u><span style=\"font-family: times new roman, serif; font-size: x-large;\"><span style=\"color: #ff0000;\">DONANIM<\/span><br \/>\n<\/span><\/u><\/b><\/div>\n<p>&nbsp;<\/p>\n<div><b><span style=\"font-family: times new roman, serif;\">BLUETOOTH &#8211; TELEFON<\/span><\/b><\/div>\n<div><b><span style=\"font-family: times new roman, serif;\">CARPLAY &#8211; ANDRO\u0130D AUTO<\/span><\/b><b><\/b><\/div>\n<div><b><span style=\"font-family: times new roman, serif;\">\u00a0LED S\u0130NYAL<\/span><\/b><b><\/b><\/div>\n<div><b><span style=\"font-family: times new roman, serif;\">17 \u0130N\u00c7 JANT<\/span><\/b><\/div>\n<div><b><span style=\"font-family: times new roman, serif;\">\u00d6N ARKA PARK SENS\u00d6R\u00dc<\/span><\/b><b><\/b><\/div>\n<div><b><span style=\"font-family: times new roman, serif;\">ANAHTARSIZ G\u0130R\u0130\u015e \u00c7ALI\u015eTIRMA<\/span><\/b><b><\/b><\/div>\n<div><b><span style=\"font-family: times new roman, serif;\">\u015eER\u0130T TAK\u0130P, \u00c7ARPI\u015eMA \u00d6NLEY\u0130C\u0130<\/span><\/b><b><\/b><\/div>\n<div><b><span style=\"font-family: times new roman, serif;\">TABELA OKUMA<\/span><\/b><\/div>\n<div><b><span style=\"font-family: times new roman, serif;\">D\u0130J\u0130TAL KL\u0130MA<\/span><\/b><\/div>\n<div><b><span style=\"font-family: times new roman, serif;\">TABLET T\u0130P\u0130 ORTA KONSOL EKRANI<\/span><\/b><\/div>\n<div><b><span style=\"font-family: times new roman, serif;\">TELEFONLA G\u00d6R\u00dcNT\u00dcL\u00dc BLUETOOTH G\u00d6R\u00dc\u015eME<\/span><\/b><b><\/b><\/div>\n<div><span style=\"font-family: times new roman, serif;\"><b>HIZ SAB\u0130TLEME VE SINIRLAMA<\/b><\/span><\/div>\n<div><b><span style=\"font-family: times new roman, serif;\">ECO S\u00dcR\u00dc\u015e MODU<\/span><\/b><\/div>\n<div><b><span style=\"font-family: times new roman, serif;\">ISITMALI, ELEKTR\u0130KL\u0130 YAN AYNALAR (S\u0130NYALL\u0130)<\/span><\/b><\/div>\n<div><b><span style=\"font-family: times new roman, serif;\">ABS &#8211; EBD FREN S\u0130STEM\u0130<\/span><\/b><\/div>\n<div><b><span style=\"font-family: times new roman, serif;\">ESP YOL TUTU\u015e DESTEK S\u0130STEM\u0130<\/span><\/b><\/div>\n<div><b><span style=\"font-family: times new roman, serif;\">TCS \u2013 \u00c7EK\u0130\u015e KONTROL\u00dc (PAT\u0130NAJ \u00d6NLEME)<\/span><\/b><\/div>\n<div><b><span style=\"font-family: times new roman, serif;\">YOKU\u015eTA KALKI\u015e DESTEK S\u0130STEM\u0130<\/span><\/b><\/div>\n","protected":false},"excerpt":{"rendered":"<p>FORD TOURNEO COUR\u0130ER 1.5 ECOBLUE 100 HP\u200b 2025 MODEL &#8211; 5.000 KM HATASIZ BOYASIZ \u00c7\u0130Z\u0130KS\u0130Z\u00a0 %20 KDV DAH\u0130L FATURALI\u200b KRED\u0130 KARTI GE\u00c7ERL\u0130D\u0130R \u00a0 ARACIMIZ SIFIR ALINMI\u015e BAY\u0130 \u00c7IKI\u015eLI OLUP T\u0130T\u0130Z KULLANILMI\u015eTIR \u00a0 DONANIM &nbsp; BLUETOOTH &#8211; TELEFON CARPLAY &#8211; ANDRO\u0130D AUTO \u00a0LED S\u0130NYAL 17 \u0130N\u00c7 JANT \u00d6N ARKA PARK SENS\u00d6R\u00dc ANAHTARSIZ G\u0130R\u0130\u015e \u00c7ALI\u015eTIRMA \u015eER\u0130T TAK\u0130P,..<\/p>\n","protected":false},"featured_media":6688,"comment_status":"open","ping_status":"closed","template":"","meta":[],"class_list":{"0":"post-6686","1":"product","2":"type-product","3":"status-publish","4":"has-post-thumbnail","6":"product_cat-araclar-2","8":"first","9":"instock","10":"shipping-taxable","11":"purchasable","12":"product-type-simple"},"_links":{"self":[{"href":"https:\/\/ucuzkaroser.com\/index.php?rest_route=\/wp\/v2\/product\/6686","targetHints":{"allow":["GET"]}}],"collection":[{"href":"https:\/\/ucuzkaroser.com\/index.php?rest_route=\/wp\/v2\/product"}],"about":[{"href":"https:\/\/ucuzkaroser.com\/index.php?rest_route=\/wp\/v2\/types\/product"}],"replies":[{"embeddable":true,"href":"https:\/\/ucuzkaroser.com\/index.php?rest_route=%2Fwp%2Fv2%2Fcomments&post=6686"}],"wp:featuredmedia":[{"embeddable":true,"href":"https:\/\/ucuzkaroser.com\/index.php?rest_route=\/wp\/v2\/media\/6688"}],"wp:attachment":[{"href":"https:\/\/ucuzkaroser.com\/index.php?rest_route=%2Fwp%2Fv2%2Fmedia&parent=6686"}],"curies":[{"name":"wp","href":"https:\/\/api.w.org\/{rel}","templated":true}]}}