{"id":6624,"date":"2026-03-07T11:06:20","date_gmt":"2026-03-07T11:06:20","guid":{"rendered":"https:\/\/ucuzkaroser.com\/?post_type=product&#038;p=6624"},"modified":"2026-03-07T11:10:32","modified_gmt":"2026-03-07T11:10:32","slug":"2026-model-iveco-daily-4100-kayar-brandali-kasa","status":"publish","type":"product","link":"https:\/\/ucuzkaroser.com\/?product=2026-model-iveco-daily-4100-kayar-brandali-kasa","title":{"rendered":"2026 MODEL \u0130VECO DA\u0130LY 4100 KAYAR BRANDALI KASALI"},"content":{"rendered":"<div><b><span style=\"font-family: times new roman, serif; font-size: large;\"><u>\u0130VECO DA\u0130LY 35C 16 \/ 4100 UZUN \u015eASE<\/u><\/span><\/b><\/div>\n<div><b><span style=\"font-family: times new roman, serif; font-size: large;\">2026 MODEL &#8211; 0 KM<\/span><\/b><\/div>\n<div><span style=\"font-family: times new roman, serif; font-size: large;\"><b>3.0 MOTOR 160 HP<\/b><\/span><\/div>\n<div><span style=\"font-family: times new roman, serif; font-size: large;\"><b>KAYAR BRANDALI KASA<\/b><\/span><\/div>\n<div><span style=\"font-family: times new roman, serif; font-size: large;\"><b>KAMYONET GE\u00c7MEKTED\u0130R\u00a0<\/b><\/span><\/div>\n<div><span style=\"font-family: times new roman, serif; font-size: large;\"><b>B SINIFI EHL\u0130YET KULLANIR<\/b><\/span><\/div>\n<div><b><span style=\"font-family: times new roman, serif; font-size: large;\">%20 KDV DAH\u0130L FATURALI\u200b<\/span><\/b><\/div>\n<div>\n<p><b><span style=\"font-family: times new roman, serif; font-size: large;\">KRED\u0130 KARTI GE\u00c7ERL\u0130D\u0130R<\/span><\/b><\/p>\n<p>ARACIMIZ SIFIR KULLANILMAMI\u015e JELAT\u0130NLER\u0130 \u00dcZER\u0130NDED\u0130R<\/p>\n<\/div>\n<div><b><span style=\"font-family: times new roman, serif; font-size: large;\">ARACIMIZ HEMEN TESL\u0130MD\u0130R<\/span><\/b><\/div>\n<div><b><span style=\"font-family: times new roman, serif; font-size: large;\">\u00a0<\/span><\/b><\/div>\n<div><b><span style=\"font-family: times new roman, serif; font-size: large;\">KASA \u00d6L\u00c7\u00dcLER\u0130 : 500x220x260<\/span><\/b><\/div>\n<div><\/div>\n<div><span style=\"font-family: times new roman, serif;\">\u00a0<\/span><\/div>\n<div><b><u><span style=\"font-family: times new roman, serif; font-size: x-large;\"><span style=\"color: #ff0000;\">DONANIM<\/span><br \/>\n<\/span><\/u><\/b><\/div>\n<div><b><span style=\"font-family: times new roman, serif;\">\u00a0<\/span><\/b><\/div>\n<div><b><span style=\"font-family: times new roman, serif;\">BLUETOOTH &#8211; TELEFON<\/span><\/b><\/div>\n<div><b><span style=\"font-family: times new roman, serif;\">CARPLAY &#8211; ANDRO\u0130D AUTO<\/span><\/b><\/div>\n<div><b><span style=\"font-family: times new roman, serif;\">ISITMALI, ELEKTR\u0130KL\u0130 YAN AYNALAR (S\u0130NYALL\u0130)<\/span><\/b><\/div>\n<div><b><span style=\"font-family: times new roman, serif;\">YOKU\u015eTA KALKI\u015e DESTEK S\u0130STEM\u0130<\/span><\/b><\/div>\n<div><b><span style=\"font-family: times new roman, serif;\">PARK SENS\u00d6R\u00dc<\/span><\/b><\/div>\n<div><b><span style=\"font-family: times new roman, serif;\">S\u0130S FARI<\/span><\/b><\/div>\n<div><b><span style=\"font-family: times new roman, serif;\">KL\u0130MA<\/span><\/b><\/div>\n<div><b><span style=\"font-family: times new roman, serif;\">\u015eER\u0130T TAK\u0130P, \u00c7ARPI\u015eMA \u00d6NLEY\u0130C\u0130<\/span><\/b><\/div>\n<div><b><span style=\"font-family: times new roman, serif;\">HAYALET EKRANLI G\u00d6STERGE<\/span><\/b><\/div>\n<div><b><span style=\"font-family: times new roman, serif;\">TABLET T\u0130P\u0130 ORTA KONSOL EKRANI<\/span><\/b><\/div>\n<div><b><span style=\"font-family: times new roman, serif;\">FAR SENS\u00d6R\u00dc &#8211; YA\u011eMUR SENS\u00d6R\u00dc<\/span><\/b><\/div>\n<div><b><span style=\"font-family: times new roman, serif;\">TELEFONLA G\u00d6R\u00dcNT\u00dcL\u00dc BLUETOOTH G\u00d6R\u00dc\u015eME<\/span><\/b><\/div>\n<div><b><span style=\"font-family: times new roman, serif;\">ECO S\u00dcR\u00dc\u015e MODU<\/span><\/b><\/div>\n<div><b><span style=\"font-family: times new roman, serif;\">TABELA OKUMA<\/span><\/b><\/div>\n<div><b><span style=\"font-family: times new roman, serif;\">HIZ SAB\u0130TLEME-SINIRLAMA<\/span><\/b><\/div>\n<div><b><span style=\"font-family: times new roman, serif;\">ABS &#8211; EBD FREN S\u0130STEM\u0130<\/span><\/b><\/div>\n<div><b><span style=\"font-family: times new roman, serif;\">ESP YOL TUTU\u015e DESTEK S\u0130STEM\u0130<\/span><\/b><\/div>\n<div><b><span style=\"font-family: times new roman, serif;\">TCS \u2013 \u00c7EK\u0130\u015e KONTROL\u00dc (PAT\u0130NAJ \u00d6NLEME)<\/span><\/b><\/div>\n","protected":false},"excerpt":{"rendered":"<p>\u0130VECO DA\u0130LY 35C 16 \/ 4100 UZUN \u015eASE 2026 MODEL &#8211; 0 KM 3.0 MOTOR 160 HP KAYAR BRANDALI KASA KAMYONET GE\u00c7MEKTED\u0130R\u00a0 B SINIFI EHL\u0130YET KULLANIR %20 KDV DAH\u0130L FATURALI\u200b KRED\u0130 KARTI GE\u00c7ERL\u0130D\u0130R ARACIMIZ SIFIR KULLANILMAMI\u015e JELAT\u0130NLER\u0130 \u00dcZER\u0130NDED\u0130R ARACIMIZ HEMEN TESL\u0130MD\u0130R \u00a0 KASA \u00d6L\u00c7\u00dcLER\u0130 : 500x220x260 \u00a0 DONANIM \u00a0 BLUETOOTH &#8211; TELEFON CARPLAY &#8211; ANDRO\u0130D..<\/p>\n","protected":false},"featured_media":6628,"comment_status":"open","ping_status":"closed","template":"","meta":[],"class_list":{"0":"post-6624","1":"product","2":"type-product","3":"status-publish","4":"has-post-thumbnail","6":"product_cat-araclar-2","8":"first","9":"instock","10":"shipping-taxable","11":"purchasable","12":"product-type-simple"},"_links":{"self":[{"href":"https:\/\/ucuzkaroser.com\/index.php?rest_route=\/wp\/v2\/product\/6624","targetHints":{"allow":["GET"]}}],"collection":[{"href":"https:\/\/ucuzkaroser.com\/index.php?rest_route=\/wp\/v2\/product"}],"about":[{"href":"https:\/\/ucuzkaroser.com\/index.php?rest_route=\/wp\/v2\/types\/product"}],"replies":[{"embeddable":true,"href":"https:\/\/ucuzkaroser.com\/index.php?rest_route=%2Fwp%2Fv2%2Fcomments&post=6624"}],"wp:featuredmedia":[{"embeddable":true,"href":"https:\/\/ucuzkaroser.com\/index.php?rest_route=\/wp\/v2\/media\/6628"}],"wp:attachment":[{"href":"https:\/\/ucuzkaroser.com\/index.php?rest_route=%2Fwp%2Fv2%2Fmedia&parent=6624"}],"curies":[{"name":"wp","href":"https:\/\/api.w.org\/{rel}","templated":true}]}}