{"id":6542,"date":"2026-03-07T10:13:36","date_gmt":"2026-03-07T10:13:36","guid":{"rendered":"https:\/\/ucuzkaroser.com\/?post_type=product&#038;p=6542"},"modified":"2026-04-10T13:57:20","modified_gmt":"2026-04-10T13:57:20","slug":"2024-model-0-km-kia-bongo-2500-dlx","status":"publish","type":"product","link":"https:\/\/ucuzkaroser.com\/?product=2024-model-0-km-kia-bongo-2500-dlx","title":{"rendered":"2024 MODEL 0 KM K\u0130A BONGO 2500 DLX"},"content":{"rendered":"<div><b><u>K\u0130A BONGO 2500 DLX COMFORT\u00a0<\/u><\/b><\/div>\n<div><b>2024 MODEL \u2013 0 KM<\/b><\/div>\n<div><b>ORJ\u0130NAL KASALI\u00a0<\/b><\/div>\n<div><b>%20 KDV DAH\u0130L FATURALI\u200b<\/b><\/div>\n<div><b>KRED\u0130 KARTI GE\u00c7ERL\u0130D\u0130R<br \/>\nARACIMIZ HEMEN TESL\u0130MD\u0130R<\/b><\/div>\n<div><\/div>\n<div><\/div>\n<div><b><u>DONANIM<br \/>\n<\/u><\/b><\/div>\n<div><b>\u00a0<\/b><\/div>\n<div><b>KL\u0130MA<\/b><\/div>\n<div><b>YOKU\u015eTA KALKI\u015e DESTEK S\u0130STEM\u0130<\/b><\/div>\n<div><b>DER\u0130 D\u00d6\u015eEME<\/b><\/div>\n<div><b>A\u0130RBAG<\/b><\/div>\n<div><b>S\u0130S FARI<\/b><\/div>\n<div><b>ABS \u2013 EBD FREN S\u0130STEM\u0130<\/b><\/div>\n<div><b>ESP \u2013 YOL TUTU\u015e DESTEK S\u0130STEM\u0130<\/b><\/div>\n<div><b>ASR \u2013 \u00c7EK\u0130\u015e KONTROL\u00dc (PAT\u0130NAJ \u00d6NLEME)<\/b><\/div>\n","protected":false},"excerpt":{"rendered":"<p>K\u0130A BONGO 2500 DLX COMFORT\u00a0 2024 MODEL \u2013 0 KM ORJ\u0130NAL KASALI\u00a0 %20 KDV DAH\u0130L FATURALI\u200b KRED\u0130 KARTI GE\u00c7ERL\u0130D\u0130R ARACIMIZ HEMEN TESL\u0130MD\u0130R DONANIM \u00a0 KL\u0130MA YOKU\u015eTA KALKI\u015e DESTEK S\u0130STEM\u0130 DER\u0130 D\u00d6\u015eEME A\u0130RBAG S\u0130S FARI ABS \u2013 EBD FREN S\u0130STEM\u0130 ESP \u2013 YOL TUTU\u015e DESTEK S\u0130STEM\u0130 ASR \u2013 \u00c7EK\u0130\u015e KONTROL\u00dc (PAT\u0130NAJ \u00d6NLEME)<\/p>\n","protected":false},"featured_media":6547,"comment_status":"open","ping_status":"closed","template":"","meta":[],"class_list":{"0":"post-6542","1":"product","2":"type-product","3":"status-publish","4":"has-post-thumbnail","6":"product_cat-araclar-2","8":"first","9":"instock","10":"shipping-taxable","11":"purchasable","12":"product-type-simple"},"_links":{"self":[{"href":"https:\/\/ucuzkaroser.com\/index.php?rest_route=\/wp\/v2\/product\/6542","targetHints":{"allow":["GET"]}}],"collection":[{"href":"https:\/\/ucuzkaroser.com\/index.php?rest_route=\/wp\/v2\/product"}],"about":[{"href":"https:\/\/ucuzkaroser.com\/index.php?rest_route=\/wp\/v2\/types\/product"}],"replies":[{"embeddable":true,"href":"https:\/\/ucuzkaroser.com\/index.php?rest_route=%2Fwp%2Fv2%2Fcomments&post=6542"}],"wp:featuredmedia":[{"embeddable":true,"href":"https:\/\/ucuzkaroser.com\/index.php?rest_route=\/wp\/v2\/media\/6547"}],"wp:attachment":[{"href":"https:\/\/ucuzkaroser.com\/index.php?rest_route=%2Fwp%2Fv2%2Fmedia&parent=6542"}],"curies":[{"name":"wp","href":"https:\/\/api.w.org\/{rel}","templated":true}]}}