{"id":6517,"date":"2026-03-07T09:58:51","date_gmt":"2026-03-07T09:58:51","guid":{"rendered":"https:\/\/ucuzkaroser.com\/?post_type=product&#038;p=6517"},"modified":"2026-04-10T13:56:19","modified_gmt":"2026-04-10T13:56:19","slug":"2023-model-2-000-km-kia-bongo","status":"publish","type":"product","link":"https:\/\/ucuzkaroser.com\/?product=2023-model-2-000-km-kia-bongo","title":{"rendered":"2023 MODEL 2.000 KM DE K\u0130A BONGO 2500 DLX"},"content":{"rendered":"<div><b><span style=\"font-family: times new roman, serif; font-size: large;\"><u>K\u0130A BONGO 2500 DLX COMFORT\u00a0<\/u><\/span><\/b><\/div>\n<div><b><span style=\"font-family: times new roman, serif; font-size: large;\">2023 MODEL &#8211; 2.000 KM<\/span><\/b><\/div>\n<div><span style=\"font-family: times new roman, serif; font-size: large;\"><b>ORJ\u0130NAL KASALI\u00a0<\/b><\/span><\/div>\n<div><b><span style=\"font-family: times new roman, serif; font-size: large;\">%20 KDV DAH\u0130L FATURALI\u200b<\/span><\/b><\/div>\n<div><b><span style=\"font-family: times new roman, serif; font-size: large;\">KRED\u0130 KARTI GE\u00c7ERL\u0130D\u0130R<br \/>\nARACIMIZ HEMEN TESL\u0130MD\u0130R<\/span><\/b><\/div>\n<div><\/div>\n<div><\/div>\n<div><b><u><span style=\"font-family: times new roman, serif; font-size: x-large;\"><span style=\"color: #ff0000;\">DONANIM<\/span><br \/>\n<\/span><\/u><\/b><\/div>\n<div><b><span style=\"font-family: times new roman, serif;\">\u00a0<\/span><\/b><\/div>\n<div><b><span style=\"font-family: times new roman, serif;\">KL\u0130MA<\/span><\/b><\/div>\n<div><b><span style=\"font-family: times new roman, serif;\">YOKU\u015eTA KALKI\u015e DESTEK S\u0130STEM\u0130<\/span><\/b><\/div>\n<div><b><span style=\"font-family: times new roman, serif;\">DER\u0130 D\u00d6\u015eEME<\/span><\/b><\/div>\n<div><b><span style=\"font-family: times new roman, serif;\">A\u0130RBAG<\/span><\/b><\/div>\n<div><b><span style=\"font-family: times new roman, serif;\">S\u0130S FARI<\/span><\/b><\/div>\n<div><b><span style=\"font-family: times new roman, serif;\">ABS &#8211; EBD FREN S\u0130STEM\u0130<\/span><\/b><\/div>\n<div><b><span style=\"font-family: times new roman, serif;\">ESP &#8211; YOL TUTU\u015e DESTEK S\u0130STEM\u0130<\/span><\/b><\/div>\n<div><b><span style=\"font-family: times new roman, serif;\">ASR \u2013 \u00c7EK\u0130\u015e KONTROL\u00dc (PAT\u0130NAJ \u00d6NLEME)<\/span><\/b><\/div>\n","protected":false},"excerpt":{"rendered":"<p>K\u0130A BONGO 2500 DLX COMFORT\u00a0 2023 MODEL &#8211; 2.000 KM ORJ\u0130NAL KASALI\u00a0 %20 KDV DAH\u0130L FATURALI\u200b KRED\u0130 KARTI GE\u00c7ERL\u0130D\u0130R ARACIMIZ HEMEN TESL\u0130MD\u0130R DONANIM \u00a0 KL\u0130MA YOKU\u015eTA KALKI\u015e DESTEK S\u0130STEM\u0130 DER\u0130 D\u00d6\u015eEME A\u0130RBAG S\u0130S FARI ABS &#8211; EBD FREN S\u0130STEM\u0130 ESP &#8211; YOL TUTU\u015e DESTEK S\u0130STEM\u0130 ASR \u2013 \u00c7EK\u0130\u015e KONTROL\u00dc (PAT\u0130NAJ \u00d6NLEME)<\/p>\n","protected":false},"featured_media":6520,"comment_status":"open","ping_status":"closed","template":"","meta":[],"class_list":{"0":"post-6517","1":"product","2":"type-product","3":"status-publish","4":"has-post-thumbnail","6":"product_cat-araclar-2","8":"first","9":"instock","10":"shipping-taxable","11":"purchasable","12":"product-type-simple"},"_links":{"self":[{"href":"https:\/\/ucuzkaroser.com\/index.php?rest_route=\/wp\/v2\/product\/6517","targetHints":{"allow":["GET"]}}],"collection":[{"href":"https:\/\/ucuzkaroser.com\/index.php?rest_route=\/wp\/v2\/product"}],"about":[{"href":"https:\/\/ucuzkaroser.com\/index.php?rest_route=\/wp\/v2\/types\/product"}],"replies":[{"embeddable":true,"href":"https:\/\/ucuzkaroser.com\/index.php?rest_route=%2Fwp%2Fv2%2Fcomments&post=6517"}],"wp:featuredmedia":[{"embeddable":true,"href":"https:\/\/ucuzkaroser.com\/index.php?rest_route=\/wp\/v2\/media\/6520"}],"wp:attachment":[{"href":"https:\/\/ucuzkaroser.com\/index.php?rest_route=%2Fwp%2Fv2%2Fmedia&parent=6517"}],"curies":[{"name":"wp","href":"https:\/\/api.w.org\/{rel}","templated":true}]}}