{"id":6231,"date":"2026-02-17T05:57:59","date_gmt":"2026-02-17T05:57:59","guid":{"rendered":"https:\/\/ucuzkaroser.com\/?post_type=product&#038;p=6231"},"modified":"2026-04-21T15:00:03","modified_gmt":"2026-04-21T15:00:03","slug":"530-cm-boyunda-kayar-perdeli-kasalar-12-ay-taksit-imkani","status":"publish","type":"product","link":"https:\/\/ucuzkaroser.com\/?product=530-cm-boyunda-kayar-perdeli-kasalar-12-ay-taksit-imkani","title":{"rendered":"530 CM BOYUNDA KAYAR PERDEL\u0130 KASALAR (12 AY TAKS\u0130T \u0130MKANI)"},"content":{"rendered":"<div>\n<p><img loading=\"lazy\" decoding=\"async\" class=\"alignnone  wp-image-6432\" src=\"https:\/\/ucuzkaroser.com\/wp-content\/uploads\/2026\/02\/Sahibinden-Fotolarin-Sonuna-Gelicek-Sekilde-2-3-ADET-Eklenicek-300x38.png\" alt=\"\" width=\"482\" height=\"61\" srcset=\"https:\/\/ucuzkaroser.com\/wp-content\/uploads\/2026\/02\/Sahibinden-Fotolarin-Sonuna-Gelicek-Sekilde-2-3-ADET-Eklenicek-300x38.png 300w, https:\/\/ucuzkaroser.com\/wp-content\/uploads\/2026\/02\/Sahibinden-Fotolarin-Sonuna-Gelicek-Sekilde-2-3-ADET-Eklenicek-1024x130.png 1024w, https:\/\/ucuzkaroser.com\/wp-content\/uploads\/2026\/02\/Sahibinden-Fotolarin-Sonuna-Gelicek-Sekilde-2-3-ADET-Eklenicek-768x98.png 768w, https:\/\/ucuzkaroser.com\/wp-content\/uploads\/2026\/02\/Sahibinden-Fotolarin-Sonuna-Gelicek-Sekilde-2-3-ADET-Eklenicek-1536x196.png 1536w, https:\/\/ucuzkaroser.com\/wp-content\/uploads\/2026\/02\/Sahibinden-Fotolarin-Sonuna-Gelicek-Sekilde-2-3-ADET-Eklenicek-2048x261.png 2048w, https:\/\/ucuzkaroser.com\/wp-content\/uploads\/2026\/02\/Sahibinden-Fotolarin-Sonuna-Gelicek-Sekilde-2-3-ADET-Eklenicek-600x76.png 600w\" sizes=\"auto, (max-width: 482px) 100vw, 482px\" \/><\/p>\n<p><span style=\"color: #333333;\"><b><span style=\"font-size: x-large;\">KAYAR BRANDALI KASA BURUNLU<\/span><\/b><\/span><\/p>\n<\/div>\n<div>\n<p><span style=\"color: #333333;\"><b><span style=\"font-size: x-large;\">BOY : 530 cm\u00a0\u00a0DI\u015e<\/span><\/b><\/span><\/p>\n<p><span style=\"color: #333333;\"><b><span style=\"font-size: x-large;\">EN\u00a0 \u00a0: 220 cm\u00a0\u00a0DI\u015e<\/span><\/b><\/span><\/p>\n<p><span style=\"color: #333333;\"><b><span style=\"font-size: x-large;\">Y\u00dcK : 250 cm\u00a0\u0130\u00c7<\/span><\/b><\/span><\/p>\n<p><span style=\"color: #333333;\"><b><span style=\"font-size: x-large;\">TABAN : PLYWOOD<br \/>\n<\/span><\/b><\/span><\/p>\n<p><span style=\"color: #333333;\"><b><span style=\"font-size: x-large;\">RENK : GR\u0130<\/span><\/b><\/span><\/p>\n<\/div>\n","protected":false},"excerpt":{"rendered":"<p>KAYAR BRANDALI KASA BURUNLU BOY : 530 cm\u00a0\u00a0DI\u015e EN\u00a0 \u00a0: 220 cm\u00a0\u00a0DI\u015e Y\u00dcK : 250 cm\u00a0\u0130\u00c7 TABAN : PLYWOOD RENK : GR\u0130<\/p>\n","protected":false},"featured_media":6237,"comment_status":"open","ping_status":"closed","template":"","meta":[],"class_list":{"0":"post-6231","1":"product","2":"type-product","3":"status-publish","4":"has-post-thumbnail","6":"product_cat-2-el-kasalar-urun-gruplari","7":"product_cat-kayar-brandali-kasa","9":"first","10":"instock","11":"sale","12":"shipping-taxable","13":"purchasable","14":"product-type-simple"},"_links":{"self":[{"href":"https:\/\/ucuzkaroser.com\/index.php?rest_route=\/wp\/v2\/product\/6231","targetHints":{"allow":["GET"]}}],"collection":[{"href":"https:\/\/ucuzkaroser.com\/index.php?rest_route=\/wp\/v2\/product"}],"about":[{"href":"https:\/\/ucuzkaroser.com\/index.php?rest_route=\/wp\/v2\/types\/product"}],"replies":[{"embeddable":true,"href":"https:\/\/ucuzkaroser.com\/index.php?rest_route=%2Fwp%2Fv2%2Fcomments&post=6231"}],"wp:featuredmedia":[{"embeddable":true,"href":"https:\/\/ucuzkaroser.com\/index.php?rest_route=\/wp\/v2\/media\/6237"}],"wp:attachment":[{"href":"https:\/\/ucuzkaroser.com\/index.php?rest_route=%2Fwp%2Fv2%2Fmedia&parent=6231"}],"curies":[{"name":"wp","href":"https:\/\/api.w.org\/{rel}","templated":true}]}}