{"id":6226,"date":"2026-02-16T11:41:42","date_gmt":"2026-02-16T11:41:42","guid":{"rendered":"https:\/\/ucuzkaroser.com\/?post_type=product&#038;p=6226"},"modified":"2026-02-27T07:20:43","modified_gmt":"2026-02-27T07:20:43","slug":"430-cm-boyunda-acik-sac-kasalar-12-ay-taksit-imkani","status":"publish","type":"product","link":"https:\/\/ucuzkaroser.com\/?product=430-cm-boyunda-acik-sac-kasalar-12-ay-taksit-imkani","title":{"rendered":"430 CM BOYUNDA A\u00c7IK SAC KASALAR (12 AY TAKS\u0130T \u0130MKANI)"},"content":{"rendered":"<p><img loading=\"lazy\" decoding=\"async\" class=\"alignnone  wp-image-6432\" src=\"https:\/\/ucuzkaroser.com\/wp-content\/uploads\/2026\/02\/Sahibinden-Fotolarin-Sonuna-Gelicek-Sekilde-2-3-ADET-Eklenicek-300x38.png\" alt=\"\" width=\"474\" height=\"60\" srcset=\"https:\/\/ucuzkaroser.com\/wp-content\/uploads\/2026\/02\/Sahibinden-Fotolarin-Sonuna-Gelicek-Sekilde-2-3-ADET-Eklenicek-300x38.png 300w, https:\/\/ucuzkaroser.com\/wp-content\/uploads\/2026\/02\/Sahibinden-Fotolarin-Sonuna-Gelicek-Sekilde-2-3-ADET-Eklenicek-1024x130.png 1024w, https:\/\/ucuzkaroser.com\/wp-content\/uploads\/2026\/02\/Sahibinden-Fotolarin-Sonuna-Gelicek-Sekilde-2-3-ADET-Eklenicek-768x98.png 768w, https:\/\/ucuzkaroser.com\/wp-content\/uploads\/2026\/02\/Sahibinden-Fotolarin-Sonuna-Gelicek-Sekilde-2-3-ADET-Eklenicek-1536x196.png 1536w, https:\/\/ucuzkaroser.com\/wp-content\/uploads\/2026\/02\/Sahibinden-Fotolarin-Sonuna-Gelicek-Sekilde-2-3-ADET-Eklenicek-2048x261.png 2048w, https:\/\/ucuzkaroser.com\/wp-content\/uploads\/2026\/02\/Sahibinden-Fotolarin-Sonuna-Gelicek-Sekilde-2-3-ADET-Eklenicek-600x76.png 600w\" sizes=\"auto, (max-width: 474px) 100vw, 474px\" \/><\/p>\n<p><span style=\"color: #333333;\"><b><span style=\"font-size: x-large;\">A\u00c7IK SAC KASA\u00a0<\/span><\/b><\/span><\/p>\n<div>\n<p><span style=\"color: #333333;\"><b><span style=\"font-size: x-large;\">BOY : 430 cm\u00a0\u00a0DI\u015e<\/span><\/b><\/span><\/p>\n<p><span style=\"color: #333333;\"><b><span style=\"font-size: x-large;\">EN : 228 cm\u00a0\u00a0DI\u015e<\/span><\/b><\/span><\/p>\n<p><span style=\"color: #333333;\"><b><span style=\"font-size: x-large;\">KAPAK : 45 cm<\/span><\/b><\/span><\/p>\n<p><span style=\"color: #333333;\"><b><span style=\"font-size: x-large;\"><span style=\"font-size: x-large;\">TABAN : D\u00dcZ SAC<\/span><\/span><\/b><\/span><\/p>\n<\/div>\n","protected":false},"excerpt":{"rendered":"<p>A\u00c7IK SAC KASA\u00a0 BOY : 430 cm\u00a0\u00a0DI\u015e EN : 228 cm\u00a0\u00a0DI\u015e KAPAK : 45 cm TABAN : D\u00dcZ SAC<\/p>\n","protected":false},"featured_media":6412,"comment_status":"open","ping_status":"closed","template":"","meta":[],"class_list":{"0":"post-6226","1":"product","2":"type-product","3":"status-publish","4":"has-post-thumbnail","6":"product_cat-2-el-kasalar-urun-gruplari","7":"product_cat-acik-sac-kasa-urun-gruplari","8":"product_cat-acik-sac-kasa","10":"first","11":"instock","12":"sale","13":"shipping-taxable","14":"purchasable","15":"product-type-simple"},"_links":{"self":[{"href":"https:\/\/ucuzkaroser.com\/index.php?rest_route=\/wp\/v2\/product\/6226","targetHints":{"allow":["GET"]}}],"collection":[{"href":"https:\/\/ucuzkaroser.com\/index.php?rest_route=\/wp\/v2\/product"}],"about":[{"href":"https:\/\/ucuzkaroser.com\/index.php?rest_route=\/wp\/v2\/types\/product"}],"replies":[{"embeddable":true,"href":"https:\/\/ucuzkaroser.com\/index.php?rest_route=%2Fwp%2Fv2%2Fcomments&post=6226"}],"wp:featuredmedia":[{"embeddable":true,"href":"https:\/\/ucuzkaroser.com\/index.php?rest_route=\/wp\/v2\/media\/6412"}],"wp:attachment":[{"href":"https:\/\/ucuzkaroser.com\/index.php?rest_route=%2Fwp%2Fv2%2Fmedia&parent=6226"}],"curies":[{"name":"wp","href":"https:\/\/api.w.org\/{rel}","templated":true}]}}