{"id":6103,"date":"2026-02-12T07:58:26","date_gmt":"2026-02-12T07:58:26","guid":{"rendered":"https:\/\/ucuzkaroser.com\/?post_type=product&#038;p=6103"},"modified":"2026-02-13T12:22:31","modified_gmt":"2026-02-13T12:22:31","slug":"390-cm-boyunda-kapali-aluminyum-kasa-12-taksit-imkani","status":"publish","type":"product","link":"https:\/\/ucuzkaroser.com\/?product=390-cm-boyunda-kapali-aluminyum-kasa-12-taksit-imkani","title":{"rendered":"390 CM BOYUNDA KAPALI AL\u00dcM\u0130NYUM KASA (12 TAKS\u0130T \u0130MKANI)"},"content":{"rendered":"<p><img loading=\"lazy\" decoding=\"async\" class=\"alignnone  wp-image-6195\" src=\"https:\/\/ucuzkaroser.com\/wp-content\/uploads\/2026\/02\/Isimsiz-1-1-300x38.png\" alt=\"\" width=\"505\" height=\"64\" srcset=\"https:\/\/ucuzkaroser.com\/wp-content\/uploads\/2026\/02\/Isimsiz-1-1-300x38.png 300w, https:\/\/ucuzkaroser.com\/wp-content\/uploads\/2026\/02\/Isimsiz-1-1-1024x130.png 1024w, https:\/\/ucuzkaroser.com\/wp-content\/uploads\/2026\/02\/Isimsiz-1-1-768x98.png 768w, https:\/\/ucuzkaroser.com\/wp-content\/uploads\/2026\/02\/Isimsiz-1-1-1536x196.png 1536w, https:\/\/ucuzkaroser.com\/wp-content\/uploads\/2026\/02\/Isimsiz-1-1-2048x261.png 2048w, https:\/\/ucuzkaroser.com\/wp-content\/uploads\/2026\/02\/Isimsiz-1-1-600x76.png 600w\" sizes=\"auto, (max-width: 505px) 100vw, 505px\" \/><\/p>\n<p><span style=\"color: #333333;\"><b><span style=\"font-size: x-large;\">AL\u00dcM\u0130NYUM KASA (SA\u011eDAN KAPILI)<\/span><\/b><\/span><\/p>\n<p><span style=\"color: #333333;\"><b><span style=\"font-size: x-large;\">3 SIRA \u0130P BA\u011e. \u0130ZOLASYONLU\u00a0<\/span><\/b><\/span><\/p>\n<p><span style=\"color: #333333;\"><b><span style=\"font-size: x-large;\">BOY : 390 cm\u00a0\u00a0DI\u015e<\/span><\/b><\/span><\/p>\n<div>\n<p><span style=\"color: #333333;\"><b><span style=\"font-size: x-large;\">EN : 220 cm\u00a0\u00a0DI\u015e<\/span><\/b><\/span><\/p>\n<p><span style=\"color: #333333;\"><b><span style=\"font-size: x-large;\">Y\u00dcK : 228 cm\u00a0\u0130\u00c7<\/span><\/b><\/span><\/p>\n<p><span style=\"color: #333333;\"><b><span style=\"font-size: x-large;\"><span style=\"font-size: x-large;\">TABAN : PLYWOOD<\/span><\/span><\/b><\/span><\/p>\n<p><span style=\"color: #333333;\"><b><span style=\"font-size: x-large;\"><span style=\"font-size: x-large;\">RENK : BEYAZ<\/span><\/span><\/b><\/span><\/p>\n<\/div>\n","protected":false},"excerpt":{"rendered":"<p>AL\u00dcM\u0130NYUM KASA (SA\u011eDAN KAPILI) 3 SIRA \u0130P BA\u011e. \u0130ZOLASYONLU\u00a0 BOY : 390 cm\u00a0\u00a0DI\u015e EN : 220 cm\u00a0\u00a0DI\u015e Y\u00dcK : 228 cm\u00a0\u0130\u00c7 TABAN : PLYWOOD RENK : BEYAZ<\/p>\n","protected":false},"featured_media":6105,"comment_status":"open","ping_status":"closed","template":"","meta":[],"class_list":{"0":"post-6103","1":"product","2":"type-product","3":"status-publish","4":"has-post-thumbnail","6":"product_cat-2-el-kasalar-urun-gruplari","7":"product_cat-polyester-kasa-urun-gruplari","9":"first","10":"instock","11":"sale","12":"shipping-taxable","13":"purchasable","14":"product-type-simple"},"_links":{"self":[{"href":"https:\/\/ucuzkaroser.com\/index.php?rest_route=\/wp\/v2\/product\/6103","targetHints":{"allow":["GET"]}}],"collection":[{"href":"https:\/\/ucuzkaroser.com\/index.php?rest_route=\/wp\/v2\/product"}],"about":[{"href":"https:\/\/ucuzkaroser.com\/index.php?rest_route=\/wp\/v2\/types\/product"}],"replies":[{"embeddable":true,"href":"https:\/\/ucuzkaroser.com\/index.php?rest_route=%2Fwp%2Fv2%2Fcomments&post=6103"}],"wp:featuredmedia":[{"embeddable":true,"href":"https:\/\/ucuzkaroser.com\/index.php?rest_route=\/wp\/v2\/media\/6105"}],"wp:attachment":[{"href":"https:\/\/ucuzkaroser.com\/index.php?rest_route=%2Fwp%2Fv2%2Fmedia&parent=6103"}],"curies":[{"name":"wp","href":"https:\/\/api.w.org\/{rel}","templated":true}]}}