{"id":5954,"date":"2026-02-09T08:36:21","date_gmt":"2026-02-09T08:36:21","guid":{"rendered":"https:\/\/ucuzkaroser.com\/?post_type=product&#038;p=5954"},"modified":"2026-04-22T07:15:22","modified_gmt":"2026-04-22T07:15:22","slug":"330-cm-boylarinda-kasalar-12-ay-taksit","status":"publish","type":"product","link":"https:\/\/ucuzkaroser.com\/?product=330-cm-boylarinda-kasalar-12-ay-taksit","title":{"rendered":"330 CM BOYLARINDA KASALAR (12 AY TAKS\u0130T)"},"content":{"rendered":"<p><span style=\"color: #333333;\"><b><span style=\"font-size: x-large;\">BONGO VE K\u0130A VE. H-100 TENTES\u0130 (\u00a0SIFIR\u00a0)<\/span><\/b><b><\/b><\/span><\/p>\n<div>\n<p><span style=\"color: #333333;\"><b><span style=\"font-size: x-large;\">BOY : 320 cm\u00a0\u00a0DI\u015e<\/span><\/b><\/span><\/p>\n<p><span style=\"color: #333333;\"><b><span style=\"font-size: x-large;\">EN\u00a0 \u00a0: 170 cm\u00a0\u00a0DI\u015e<\/span><\/b><\/span><\/p>\n<p><span style=\"color: #333333;\"><b><span style=\"font-size: x-large;\">TENTE Y\u00dcKSEKL\u0130\u011e\u0130 : 170 cm\u00a0\u0130\u00c7\u00a0<\/span><\/b><\/span><\/p>\n<p><span style=\"color: #333333;\"><b><span style=\"font-size: x-large;\">KASAYLA BERABER \u0130\u00c7 Y\u00dcKSEKL\u0130\u011e\u0130 210 cm \u0130\u00c7<\/span><\/b><\/span><\/p>\n<p><span style=\"color: #333333;\"><b><span style=\"font-size: x-large;\">RENK : BEYAZ<\/span><\/b><\/span><\/p>\n<\/div>\n","protected":false},"excerpt":{"rendered":"<p>BONGO VE K\u0130A VE. H-100 TENTES\u0130 (\u00a0SIFIR\u00a0) BOY : 320 cm\u00a0\u00a0DI\u015e EN\u00a0 \u00a0: 170 cm\u00a0\u00a0DI\u015e TENTE Y\u00dcKSEKL\u0130\u011e\u0130 : 170 cm\u00a0\u0130\u00c7\u00a0 KASAYLA BERABER \u0130\u00c7 Y\u00dcKSEKL\u0130\u011e\u0130 210 cm \u0130\u00c7 RENK : BEYAZ<\/p>\n","protected":false},"featured_media":5962,"comment_status":"open","ping_status":"closed","template":"","meta":[],"class_list":{"0":"post-5954","1":"product","2":"type-product","3":"status-publish","4":"has-post-thumbnail","6":"product_cat-2-el-kasalar-urun-gruplari","7":"product_cat-tente","9":"first","10":"instock","11":"sale","12":"shipping-taxable","13":"purchasable","14":"product-type-simple"},"_links":{"self":[{"href":"https:\/\/ucuzkaroser.com\/index.php?rest_route=\/wp\/v2\/product\/5954","targetHints":{"allow":["GET"]}}],"collection":[{"href":"https:\/\/ucuzkaroser.com\/index.php?rest_route=\/wp\/v2\/product"}],"about":[{"href":"https:\/\/ucuzkaroser.com\/index.php?rest_route=\/wp\/v2\/types\/product"}],"replies":[{"embeddable":true,"href":"https:\/\/ucuzkaroser.com\/index.php?rest_route=%2Fwp%2Fv2%2Fcomments&post=5954"}],"wp:featuredmedia":[{"embeddable":true,"href":"https:\/\/ucuzkaroser.com\/index.php?rest_route=\/wp\/v2\/media\/5962"}],"wp:attachment":[{"href":"https:\/\/ucuzkaroser.com\/index.php?rest_route=%2Fwp%2Fv2%2Fmedia&parent=5954"}],"curies":[{"name":"wp","href":"https:\/\/api.w.org\/{rel}","templated":true}]}}