{"id":5889,"date":"2026-02-05T08:54:58","date_gmt":"2026-02-05T08:54:58","guid":{"rendered":"https:\/\/ucuzkaroser.com\/?post_type=product&#038;p=5889"},"modified":"2026-02-25T09:32:25","modified_gmt":"2026-02-25T09:32:25","slug":"5889","status":"publish","type":"product","link":"https:\/\/ucuzkaroser.com\/?product=5889","title":{"rendered":"540 CM BOYUNDA KAYAR BRANDALI KASALAR (12 AY TAKS\u0130T \u0130MKANI)"},"content":{"rendered":"<p><img loading=\"lazy\" decoding=\"async\" class=\"alignnone wp-image-6243\" src=\"https:\/\/ucuzkaroser.com\/wp-content\/uploads\/2026\/02\/kredi-karti-gorsel-300x38.jpg\" alt=\"\" width=\"513\" height=\"65\" srcset=\"https:\/\/ucuzkaroser.com\/wp-content\/uploads\/2026\/02\/kredi-karti-gorsel-300x38.jpg 300w, https:\/\/ucuzkaroser.com\/wp-content\/uploads\/2026\/02\/kredi-karti-gorsel-1024x131.jpg 1024w, https:\/\/ucuzkaroser.com\/wp-content\/uploads\/2026\/02\/kredi-karti-gorsel-768x98.jpg 768w, https:\/\/ucuzkaroser.com\/wp-content\/uploads\/2026\/02\/kredi-karti-gorsel-1536x196.jpg 1536w, https:\/\/ucuzkaroser.com\/wp-content\/uploads\/2026\/02\/kredi-karti-gorsel-2048x262.jpg 2048w, https:\/\/ucuzkaroser.com\/wp-content\/uploads\/2026\/02\/kredi-karti-gorsel-600x77.jpg 600w\" sizes=\"auto, (max-width: 513px) 100vw, 513px\" \/><\/p>\n<p><span style=\"color: #333333;\"><b><span style=\"font-size: x-large;\">KAYAR BRANDALI KASA (BURUNLU)<\/span><\/b><\/span><\/p>\n<div>\n<p><span style=\"color: #333333;\"><b><span style=\"font-size: x-large;\">BOY : 540 cm\u00a0\u00a0DI\u015e<\/span><\/b><\/span><\/p>\n<p><span style=\"color: #333333;\"><b><span style=\"font-size: x-large;\">EN : 220 cm\u00a0\u00a0DI\u015e<\/span><\/b><\/span><\/p>\n<p><span style=\"color: #333333;\"><b><span style=\"font-size: x-large;\">Y\u00dcK : 250 cm \u0130\u00c7<\/span><\/b><\/span><\/p>\n<p><span style=\"color: #333333;\"><b><span style=\"font-size: x-large;\"><span style=\"font-size: x-large;\">TABAN : PLYWOOD<\/span><br \/>\n<\/span><\/b><\/span><\/p>\n<p><span style=\"color: #333333;\"><b><span style=\"font-size: x-large;\"><span style=\"font-size: x-large;\">RENK : F\u00dcME<\/span><\/span><\/b><\/span><\/p>\n<\/div>\n","protected":false},"excerpt":{"rendered":"<p>KAYAR BRANDALI KASA (BURUNLU) BOY : 540 cm\u00a0\u00a0DI\u015e EN : 220 cm\u00a0\u00a0DI\u015e Y\u00dcK : 250 cm \u0130\u00c7 TABAN : PLYWOOD RENK : F\u00dcME<\/p>\n","protected":false},"featured_media":6240,"comment_status":"open","ping_status":"closed","template":"","meta":[],"class_list":{"0":"post-5889","1":"product","2":"type-product","3":"status-publish","4":"has-post-thumbnail","6":"product_cat-2-el-kasalar-urun-gruplari","7":"product_cat-kayar-brandali-kasa","9":"first","10":"instock","11":"sale","12":"shipping-taxable","13":"purchasable","14":"product-type-simple"},"_links":{"self":[{"href":"https:\/\/ucuzkaroser.com\/index.php?rest_route=\/wp\/v2\/product\/5889","targetHints":{"allow":["GET"]}}],"collection":[{"href":"https:\/\/ucuzkaroser.com\/index.php?rest_route=\/wp\/v2\/product"}],"about":[{"href":"https:\/\/ucuzkaroser.com\/index.php?rest_route=\/wp\/v2\/types\/product"}],"replies":[{"embeddable":true,"href":"https:\/\/ucuzkaroser.com\/index.php?rest_route=%2Fwp%2Fv2%2Fcomments&post=5889"}],"wp:featuredmedia":[{"embeddable":true,"href":"https:\/\/ucuzkaroser.com\/index.php?rest_route=\/wp\/v2\/media\/6240"}],"wp:attachment":[{"href":"https:\/\/ucuzkaroser.com\/index.php?rest_route=%2Fwp%2Fv2%2Fmedia&parent=5889"}],"curies":[{"name":"wp","href":"https:\/\/api.w.org\/{rel}","templated":true}]}}