{"id":4841,"date":"2026-01-27T09:05:07","date_gmt":"2026-01-27T09:05:07","guid":{"rendered":"https:\/\/ucuzkaroser.com\/?product=460-cm-boylarinda-kasalar-12-ay-taksit-imkani-ilan-no1281416434"},"modified":"2026-01-28T07:18:16","modified_gmt":"2026-01-28T07:18:16","slug":"460-cm-boylarinda-kasalar-12-ay-taksit-imkani-ilan-no1281416434","status":"publish","type":"product","link":"https:\/\/ucuzkaroser.com\/?product=460-cm-boylarinda-kasalar-12-ay-taksit-imkani-ilan-no1281416434","title":{"rendered":"460 CM BOYLARINDA KASALAR (12 AY TAKS\u0130T \u0130MKANI)  \u0130lan No:1281416434"},"content":{"rendered":"<p><span style=\"color: #333333;\"><b><span style=\"font-size: x-large;\">A\u00c7ILAB\u0130L\u0130R SAC\u00a0 KASA\u00a0<\/span><\/b><\/span><\/p>\n<div>\n<p><span style=\"color: #333333;\"><b><span style=\"font-size: x-large;\">BOY : 460 cm\u00a0\u00a0DI\u015e<\/span><\/b><\/span><\/p>\n<p><span style=\"color: #333333;\"><b><span style=\"font-size: x-large;\">EN\u00a0 \u00a0: 220 cm\u00a0\u00a0DI\u015e<\/span><\/b><\/span><\/p>\n<p><span style=\"color: #333333;\"><b><span style=\"font-size: x-large;\">Y\u00dcK : 200 cm\u00a0\u0130\u00c7<\/span><\/b><\/span><\/p>\n<p><span style=\"color: #333333;\"><b><span style=\"font-size: x-large;\"><span style=\"font-size: x-large;\">TABAN : SAC<\/span><\/span><\/b><\/span><\/p>\n<\/div>\n","protected":false},"excerpt":{"rendered":"<p>A\u00c7ILAB\u0130L\u0130R SAC\u00a0 KASA\u00a0 BOY : 460 cm\u00a0\u00a0DI\u015e EN\u00a0 \u00a0: 220 cm\u00a0\u00a0DI\u015e Y\u00dcK : 200 cm\u00a0\u0130\u00c7 TABAN : SAC<\/p>\n","protected":false},"featured_media":4938,"comment_status":"open","ping_status":"closed","template":"","meta":[],"class_list":{"0":"post-4841","1":"product","2":"type-product","3":"status-publish","4":"has-post-thumbnail","6":"product_cat-2-el-kasalar-urun-gruplari","7":"product_cat-kapali-sac-kasa-urun-gruplari","9":"first","10":"instock","11":"sale","12":"shipping-taxable","13":"purchasable","14":"product-type-simple"},"_links":{"self":[{"href":"https:\/\/ucuzkaroser.com\/index.php?rest_route=\/wp\/v2\/product\/4841","targetHints":{"allow":["GET"]}}],"collection":[{"href":"https:\/\/ucuzkaroser.com\/index.php?rest_route=\/wp\/v2\/product"}],"about":[{"href":"https:\/\/ucuzkaroser.com\/index.php?rest_route=\/wp\/v2\/types\/product"}],"replies":[{"embeddable":true,"href":"https:\/\/ucuzkaroser.com\/index.php?rest_route=%2Fwp%2Fv2%2Fcomments&post=4841"}],"wp:featuredmedia":[{"embeddable":true,"href":"https:\/\/ucuzkaroser.com\/index.php?rest_route=\/wp\/v2\/media\/4938"}],"wp:attachment":[{"href":"https:\/\/ucuzkaroser.com\/index.php?rest_route=%2Fwp%2Fv2%2Fmedia&parent=4841"}],"curies":[{"name":"wp","href":"https:\/\/api.w.org\/{rel}","templated":true}]}}