{"id":4839,"date":"2026-01-27T09:05:06","date_gmt":"2026-01-27T09:05:06","guid":{"rendered":"https:\/\/ucuzkaroser.com\/?product=420-cm-boylarinda-kasalar-12-ay-taksit-imkani-ilan-no1281416434"},"modified":"2026-02-25T09:47:40","modified_gmt":"2026-02-25T09:47:40","slug":"420-cm-boylarinda-kasalar-12-ay-taksit-imkani-ilan-no1281416434","status":"publish","type":"product","link":"https:\/\/ucuzkaroser.com\/?product=420-cm-boylarinda-kasalar-12-ay-taksit-imkani-ilan-no1281416434","title":{"rendered":"420  CM BOYLARINDA KASALAR (12 AY TAKS\u0130T \u0130MKANI)  \u0130lan No:1281416434"},"content":{"rendered":"<p><img loading=\"lazy\" decoding=\"async\" class=\"alignnone  wp-image-6243\" src=\"https:\/\/ucuzkaroser.com\/wp-content\/uploads\/2026\/02\/kredi-karti-gorsel-300x38.jpg\" alt=\"\" width=\"505\" height=\"64\" srcset=\"https:\/\/ucuzkaroser.com\/wp-content\/uploads\/2026\/02\/kredi-karti-gorsel-300x38.jpg 300w, https:\/\/ucuzkaroser.com\/wp-content\/uploads\/2026\/02\/kredi-karti-gorsel-1024x131.jpg 1024w, https:\/\/ucuzkaroser.com\/wp-content\/uploads\/2026\/02\/kredi-karti-gorsel-768x98.jpg 768w, https:\/\/ucuzkaroser.com\/wp-content\/uploads\/2026\/02\/kredi-karti-gorsel-1536x196.jpg 1536w, https:\/\/ucuzkaroser.com\/wp-content\/uploads\/2026\/02\/kredi-karti-gorsel-2048x262.jpg 2048w, https:\/\/ucuzkaroser.com\/wp-content\/uploads\/2026\/02\/kredi-karti-gorsel-600x77.jpg 600w\" sizes=\"auto, (max-width: 505px) 100vw, 505px\" \/><\/p>\n<p><span style=\"color: #333333;\"><b><span style=\"font-size: x-large;\">KAPALI AL\u00dcM\u0130NYUM KASA SA\u011e \u00c7\u0130FT KAPILI<\/span><\/b><\/span><span style=\"color: #333333;\"><b><span style=\"font-size: x-large;\"><span style=\"font-size: x-large;\">\u00a0<\/span><\/span><\/b><\/span><\/p>\n<p><span style=\"color: #333333;\"><b><span style=\"font-size: x-large;\">BOY : 420 cm\u00a0\u00a0DI\u015e\u200b<\/span><\/b><\/span><\/p>\n<p><span style=\"color: #333333;\"><b><span style=\"font-size: x-large;\">EN : 220 cm\u00a0\u00a0DI\u015e<\/span><\/b><\/span><\/p>\n<p><span style=\"color: #333333;\"><b><span style=\"font-size: x-large;\">Y\u00dcK : 210 cm\u00a0\u0130\u00c7<\/span><\/b><\/span><\/p>\n<p><span style=\"color: #333333;\"><b><span style=\"font-size: x-large;\"><span style=\"font-size: x-large;\">TABAN : PLYWOOD<\/span><\/span><\/b><\/span><\/p>\n","protected":false},"excerpt":{"rendered":"<p>KAPALI AL\u00dcM\u0130NYUM KASA SA\u011e \u00c7\u0130FT KAPILI\u00a0 BOY : 420 cm\u00a0\u00a0DI\u015e\u200b EN : 220 cm\u00a0\u00a0DI\u015e Y\u00dcK : 210 cm\u00a0\u0130\u00c7 TABAN : PLYWOOD<\/p>\n","protected":false},"featured_media":4963,"comment_status":"open","ping_status":"closed","template":"","meta":[],"class_list":{"0":"post-4839","1":"product","2":"type-product","3":"status-publish","4":"has-post-thumbnail","6":"product_cat-2-el-kasalar-urun-gruplari","7":"product_cat-polyester-kasa-urun-gruplari","8":"product_cat-polyester-kasa","10":"first","11":"instock","12":"sale","13":"shipping-taxable","14":"purchasable","15":"product-type-simple"},"_links":{"self":[{"href":"https:\/\/ucuzkaroser.com\/index.php?rest_route=\/wp\/v2\/product\/4839","targetHints":{"allow":["GET"]}}],"collection":[{"href":"https:\/\/ucuzkaroser.com\/index.php?rest_route=\/wp\/v2\/product"}],"about":[{"href":"https:\/\/ucuzkaroser.com\/index.php?rest_route=\/wp\/v2\/types\/product"}],"replies":[{"embeddable":true,"href":"https:\/\/ucuzkaroser.com\/index.php?rest_route=%2Fwp%2Fv2%2Fcomments&post=4839"}],"wp:featuredmedia":[{"embeddable":true,"href":"https:\/\/ucuzkaroser.com\/index.php?rest_route=\/wp\/v2\/media\/4963"}],"wp:attachment":[{"href":"https:\/\/ucuzkaroser.com\/index.php?rest_route=%2Fwp%2Fv2%2Fmedia&parent=4839"}],"curies":[{"name":"wp","href":"https:\/\/api.w.org\/{rel}","templated":true}]}}