{"id":4838,"date":"2026-01-27T09:05:06","date_gmt":"2026-01-27T09:05:06","guid":{"rendered":"https:\/\/ucuzkaroser.com\/?product=530-cm-boylarinda-kasalar-12-ay-taksit-imkani-ilan-no1281416434"},"modified":"2026-01-28T07:23:15","modified_gmt":"2026-01-28T07:23:15","slug":"530-cm-boylarinda-kasalar-12-ay-taksit-imkani-ilan-no1281416434","status":"publish","type":"product","link":"https:\/\/ucuzkaroser.com\/?product=530-cm-boylarinda-kasalar-12-ay-taksit-imkani-ilan-no1281416434","title":{"rendered":"530 CM BOYLARINDA KASALAR (12 AY TAKS\u0130T \u0130MKANI)  \u0130lan No:1281416434"},"content":{"rendered":"<p><span style=\"color: #333333;\"><b><span style=\"font-size: x-large;\">KAPALI SAC KASA YANDAN KAPILI<\/span><\/b><\/span><\/p>\n<div>\n<p><span style=\"color: #333333;\"><b><span style=\"font-size: x-large;\">BOY : 530 cm\u00a0\u00a0DI\u015e<\/span><\/b><\/span><\/p>\n<p><span style=\"color: #333333;\"><b><span style=\"font-size: x-large;\">EN : 215 cm\u00a0\u00a0DI\u015e<\/span><\/b><\/span><\/p>\n<p><span style=\"color: #333333;\"><b><span style=\"font-size: x-large;\">Y\u00dcK : 217 cm\u00a0\u0130\u00c7<\/span><\/b><\/span><\/p>\n<p><span style=\"color: #333333;\"><b><span style=\"font-size: x-large;\"><span style=\"font-size: x-large;\">TABAN : PLYWOOD<\/span><\/span><\/b><\/span><\/p>\n<\/div>\n","protected":false},"excerpt":{"rendered":"<p>KAPALI SAC KASA YANDAN KAPILI BOY : 530 cm\u00a0\u00a0DI\u015e EN : 215 cm\u00a0\u00a0DI\u015e Y\u00dcK : 217 cm\u00a0\u0130\u00c7 TABAN : PLYWOOD<\/p>\n","protected":false},"featured_media":4952,"comment_status":"open","ping_status":"closed","template":"","meta":[],"class_list":{"0":"post-4838","1":"product","2":"type-product","3":"status-publish","4":"has-post-thumbnail","6":"product_cat-2-el-kasalar-urun-gruplari","7":"product_cat-kapali-sac-kasa-urun-gruplari","9":"first","10":"instock","11":"sale","12":"shipping-taxable","13":"purchasable","14":"product-type-simple"},"_links":{"self":[{"href":"https:\/\/ucuzkaroser.com\/index.php?rest_route=\/wp\/v2\/product\/4838","targetHints":{"allow":["GET"]}}],"collection":[{"href":"https:\/\/ucuzkaroser.com\/index.php?rest_route=\/wp\/v2\/product"}],"about":[{"href":"https:\/\/ucuzkaroser.com\/index.php?rest_route=\/wp\/v2\/types\/product"}],"replies":[{"embeddable":true,"href":"https:\/\/ucuzkaroser.com\/index.php?rest_route=%2Fwp%2Fv2%2Fcomments&post=4838"}],"wp:featuredmedia":[{"embeddable":true,"href":"https:\/\/ucuzkaroser.com\/index.php?rest_route=\/wp\/v2\/media\/4952"}],"wp:attachment":[{"href":"https:\/\/ucuzkaroser.com\/index.php?rest_route=%2Fwp%2Fv2%2Fmedia&parent=4838"}],"curies":[{"name":"wp","href":"https:\/\/api.w.org\/{rel}","templated":true}]}}