{"id":4826,"date":"2026-01-27T09:05:01","date_gmt":"2026-01-27T09:05:01","guid":{"rendered":"https:\/\/ucuzkaroser.com\/?product=440-cm-polyester-kasalar-12-ay-taksit-imkani-ilan-no1292737560"},"modified":"2026-01-28T09:50:11","modified_gmt":"2026-01-28T09:50:11","slug":"440-cm-polyester-kasalar-12-ay-taksit-imkani-ilan-no1292737560","status":"publish","type":"product","link":"https:\/\/ucuzkaroser.com\/?product=440-cm-polyester-kasalar-12-ay-taksit-imkani-ilan-no1292737560","title":{"rendered":"440 CM POLYESTER KASALAR (12 AY TAKS\u0130T \u0130MKANI) \u0130lan No:1292737560"},"content":{"rendered":"<p><span style=\"color: #333333;\"><b><span style=\"font-size: x-large;\">POLYESTER KASA<\/span><\/b><\/span><\/p>\n<div>\n<p><span style=\"color: #333333;\"><b><span style=\"font-size: x-large;\">BOY : 440 cm\u00a0\u00a0DI\u015e<\/span><\/b><\/span><\/p>\n<p><span style=\"color: #333333;\"><b><span style=\"font-size: x-large;\">EN : 220 cm\u00a0\u00a0DI\u015e<\/span><\/b><\/span><\/p>\n<p><span style=\"color: #333333;\"><b><span style=\"font-size: x-large;\">Y\u00dcK : 230 cm\u00a0\u0130\u00c7<\/span><\/b><\/span><\/p>\n<p><span style=\"color: #333333;\"><b><span style=\"font-size: x-large;\"><span style=\"font-size: x-large;\">TABAN : PLYWOOD<\/span><\/span><\/b><\/span><\/p>\n<\/div>\n","protected":false},"excerpt":{"rendered":"<p>POLYESTER KASA BOY : 440 cm\u00a0\u00a0DI\u015e EN : 220 cm\u00a0\u00a0DI\u015e Y\u00dcK : 230 cm\u00a0\u0130\u00c7 TABAN : PLYWOOD<\/p>\n","protected":false},"featured_media":5044,"comment_status":"open","ping_status":"closed","template":"","meta":[],"class_list":{"0":"post-4826","1":"product","2":"type-product","3":"status-publish","4":"has-post-thumbnail","6":"product_cat-2-el-kasalar-urun-gruplari","7":"product_cat-polyester-kasa-urun-gruplari","8":"product_cat-polyester-kasa","10":"first","11":"instock","12":"sale","13":"shipping-taxable","14":"purchasable","15":"product-type-simple"},"_links":{"self":[{"href":"https:\/\/ucuzkaroser.com\/index.php?rest_route=\/wp\/v2\/product\/4826","targetHints":{"allow":["GET"]}}],"collection":[{"href":"https:\/\/ucuzkaroser.com\/index.php?rest_route=\/wp\/v2\/product"}],"about":[{"href":"https:\/\/ucuzkaroser.com\/index.php?rest_route=\/wp\/v2\/types\/product"}],"replies":[{"embeddable":true,"href":"https:\/\/ucuzkaroser.com\/index.php?rest_route=%2Fwp%2Fv2%2Fcomments&post=4826"}],"wp:featuredmedia":[{"embeddable":true,"href":"https:\/\/ucuzkaroser.com\/index.php?rest_route=\/wp\/v2\/media\/5044"}],"wp:attachment":[{"href":"https:\/\/ucuzkaroser.com\/index.php?rest_route=%2Fwp%2Fv2%2Fmedia&parent=4826"}],"curies":[{"name":"wp","href":"https:\/\/api.w.org\/{rel}","templated":true}]}}