{"id":4823,"date":"2026-01-27T09:04:59","date_gmt":"2026-01-27T09:04:59","guid":{"rendered":"https:\/\/ucuzkaroser.com\/?product=420-cm-polyester-kasalar-aciklamada-12-ay-taksit-ilan-no1288320904"},"modified":"2026-04-14T06:27:24","modified_gmt":"2026-04-14T06:27:24","slug":"420-cm-polyester-kasalar-aciklamada-12-ay-taksit-ilan-no1288320904","status":"publish","type":"product","link":"https:\/\/ucuzkaroser.com\/?product=420-cm-polyester-kasalar-aciklamada-12-ay-taksit-ilan-no1288320904","title":{"rendered":"420 CM POLYESTER KASA 2 SIRA \u0130P BA\u011eLAMALI (12 AY TAKS\u0130T)"},"content":{"rendered":"<h2><span style=\"color: #333333;\"><b><span style=\"font-size: x-large;\">POLYESTER KASA<\/span><\/b><\/span><\/h2>\n<div>\n<h2><span style=\"color: #333333;\"><b><span style=\"font-size: x-large;\">BOY : 420 cm\u00a0\u00a0DI\u015e<\/span><\/b><\/span><\/h2>\n<h2><span style=\"color: #333333;\"><b><span style=\"font-size: x-large;\">EN\u00a0 \u00a0: 220 cm\u00a0\u00a0DI\u015e<\/span><\/b><\/span><\/h2>\n<h2><span style=\"color: #333333;\"><b><span style=\"font-size: x-large;\">Y\u00dcK :240 cm\u00a0\u0130\u00c7<\/span><\/b><\/span><\/h2>\n<h2><span style=\"color: #333333;\"><b><span style=\"font-size: x-large;\"><span style=\"font-size: x-large;\">TABAN : PLYWOOD<\/span><\/span><\/b><\/span><\/h2>\n<h2><strong>2 SIRA \u0130P BA\u011eLAMALI<\/strong><\/h2>\n<\/div>\n","protected":false},"excerpt":{"rendered":"<p>POLYESTER KASA BOY : 420 cm\u00a0\u00a0DI\u015e EN\u00a0 \u00a0: 220 cm\u00a0\u00a0DI\u015e Y\u00dcK :240 cm\u00a0\u0130\u00c7 TABAN : PLYWOOD 2 SIRA \u0130P BA\u011eLAMALI<\/p>\n","protected":false},"featured_media":5111,"comment_status":"open","ping_status":"closed","template":"","meta":[],"class_list":{"0":"post-4823","1":"product","2":"type-product","3":"status-publish","4":"has-post-thumbnail","6":"product_cat-2-el-kasalar-urun-gruplari","7":"product_cat-polyester-kasa","8":"product_cat-polyester-kasa-urun-gruplari","10":"first","11":"instock","12":"sale","13":"shipping-taxable","14":"purchasable","15":"product-type-simple"},"_links":{"self":[{"href":"https:\/\/ucuzkaroser.com\/index.php?rest_route=\/wp\/v2\/product\/4823","targetHints":{"allow":["GET"]}}],"collection":[{"href":"https:\/\/ucuzkaroser.com\/index.php?rest_route=\/wp\/v2\/product"}],"about":[{"href":"https:\/\/ucuzkaroser.com\/index.php?rest_route=\/wp\/v2\/types\/product"}],"replies":[{"embeddable":true,"href":"https:\/\/ucuzkaroser.com\/index.php?rest_route=%2Fwp%2Fv2%2Fcomments&post=4823"}],"wp:featuredmedia":[{"embeddable":true,"href":"https:\/\/ucuzkaroser.com\/index.php?rest_route=\/wp\/v2\/media\/5111"}],"wp:attachment":[{"href":"https:\/\/ucuzkaroser.com\/index.php?rest_route=%2Fwp%2Fv2%2Fmedia&parent=4823"}],"curies":[{"name":"wp","href":"https:\/\/api.w.org\/{rel}","templated":true}]}}