{"id":4819,"date":"2026-01-27T09:04:58","date_gmt":"2026-01-27T09:04:58","guid":{"rendered":"https:\/\/ucuzkaroser.com\/?product=400-cm-boylarinda-kasalar-12-ay-taksit-imkani-ilan-no1281416434"},"modified":"2026-04-22T07:52:17","modified_gmt":"2026-04-22T07:52:17","slug":"400-cm-boylarinda-kasalar-12-ay-taksit-imkani-ilan-no1281416434","status":"publish","type":"product","link":"https:\/\/ucuzkaroser.com\/?product=400-cm-boylarinda-kasalar-12-ay-taksit-imkani-ilan-no1281416434","title":{"rendered":"400 CM BOYLARINDA KASALAR (12 AY TAKS\u0130T \u0130MKANI)   \u0130lan No:1281416434"},"content":{"rendered":"<div>\n<p><img loading=\"lazy\" decoding=\"async\" class=\"alignnone  wp-image-6207\" src=\"https:\/\/ucuzkaroser.com\/wp-content\/uploads\/2026\/02\/Isimsiz-1-1-300x38.jpg\" alt=\"\" width=\"513\" height=\"65\" srcset=\"https:\/\/ucuzkaroser.com\/wp-content\/uploads\/2026\/02\/Isimsiz-1-1-300x38.jpg 300w, https:\/\/ucuzkaroser.com\/wp-content\/uploads\/2026\/02\/Isimsiz-1-1-1024x131.jpg 1024w, https:\/\/ucuzkaroser.com\/wp-content\/uploads\/2026\/02\/Isimsiz-1-1-768x98.jpg 768w, https:\/\/ucuzkaroser.com\/wp-content\/uploads\/2026\/02\/Isimsiz-1-1-600x77.jpg 600w, https:\/\/ucuzkaroser.com\/wp-content\/uploads\/2026\/02\/Isimsiz-1-1.jpg 1159w\" sizes=\"auto, (max-width: 513px) 100vw, 513px\" \/><\/p>\n<p><b><span style=\"font-size: x-large;\">CAMLI STAND KASA<\/span><\/b><\/p>\n<\/div>\n<div>\n<p><span style=\"color: #333333;\"><b><span style=\"font-size: x-large;\">BOY : 400 cm\u00a0\u00a0DI\u015e<\/span><\/b><\/span><\/p>\n<p><span style=\"color: #333333;\"><b><span style=\"font-size: x-large;\">EN\u00a0 \u00a0: 216 cm\u00a0\u00a0DI\u015e<\/span><\/b><\/span><\/p>\n<p><span style=\"color: #333333;\"><b><span style=\"font-size: x-large;\">Y\u00dcK : 205 cm \u0130\u00c7<\/span><\/b><\/span><\/p>\n<p><span style=\"color: #333333;\"><b><span style=\"font-size: x-large;\"><span style=\"font-size: x-large;\">TABAN : PARKE<\/span><\/span><\/b><\/span><\/p>\n<\/div>\n","protected":false},"excerpt":{"rendered":"<p>CAMLI STAND KASA BOY : 400 cm\u00a0\u00a0DI\u015e EN\u00a0 \u00a0: 216 cm\u00a0\u00a0DI\u015e Y\u00dcK : 205 cm \u0130\u00c7 TABAN : PARKE<\/p>\n","protected":false},"featured_media":5112,"comment_status":"open","ping_status":"closed","template":"","meta":[],"class_list":{"0":"post-4819","1":"product","2":"type-product","3":"status-publish","4":"has-post-thumbnail","6":"product_cat-2-el-kasalar-urun-gruplari","7":"product_cat-camli-kasa","8":"product_cat-polyester-kasa","10":"first","11":"instock","12":"sale","13":"shipping-taxable","14":"purchasable","15":"product-type-simple"},"_links":{"self":[{"href":"https:\/\/ucuzkaroser.com\/index.php?rest_route=\/wp\/v2\/product\/4819","targetHints":{"allow":["GET"]}}],"collection":[{"href":"https:\/\/ucuzkaroser.com\/index.php?rest_route=\/wp\/v2\/product"}],"about":[{"href":"https:\/\/ucuzkaroser.com\/index.php?rest_route=\/wp\/v2\/types\/product"}],"replies":[{"embeddable":true,"href":"https:\/\/ucuzkaroser.com\/index.php?rest_route=%2Fwp%2Fv2%2Fcomments&post=4819"}],"wp:featuredmedia":[{"embeddable":true,"href":"https:\/\/ucuzkaroser.com\/index.php?rest_route=\/wp\/v2\/media\/5112"}],"wp:attachment":[{"href":"https:\/\/ucuzkaroser.com\/index.php?rest_route=%2Fwp%2Fv2%2Fmedia&parent=4819"}],"curies":[{"name":"wp","href":"https:\/\/api.w.org\/{rel}","templated":true}]}}