{"id":4818,"date":"2026-01-27T09:04:57","date_gmt":"2026-01-27T09:04:57","guid":{"rendered":"https:\/\/ucuzkaroser.com\/?product=440-cm-boyunda-acik-sac-kasalar-12-ay-taksit-imkani"},"modified":"2026-02-26T06:57:54","modified_gmt":"2026-02-26T06:57:54","slug":"440-cm-boyunda-acik-sac-kasalar-12-ay-taksit-imkani","status":"publish","type":"product","link":"https:\/\/ucuzkaroser.com\/?product=440-cm-boyunda-acik-sac-kasalar-12-ay-taksit-imkani","title":{"rendered":"440 CM BOYUNDA A\u00c7IK SAC KASALAR (12 AY TAKS\u0130T \u0130MKANI)"},"content":{"rendered":"<p><img loading=\"lazy\" decoding=\"async\" class=\"alignnone wp-image-6243\" src=\"https:\/\/ucuzkaroser.com\/wp-content\/uploads\/2026\/02\/kredi-karti-gorsel-300x38.jpg\" alt=\"\" width=\"482\" height=\"61\" srcset=\"https:\/\/ucuzkaroser.com\/wp-content\/uploads\/2026\/02\/kredi-karti-gorsel-300x38.jpg 300w, https:\/\/ucuzkaroser.com\/wp-content\/uploads\/2026\/02\/kredi-karti-gorsel-1024x131.jpg 1024w, https:\/\/ucuzkaroser.com\/wp-content\/uploads\/2026\/02\/kredi-karti-gorsel-768x98.jpg 768w, https:\/\/ucuzkaroser.com\/wp-content\/uploads\/2026\/02\/kredi-karti-gorsel-1536x196.jpg 1536w, https:\/\/ucuzkaroser.com\/wp-content\/uploads\/2026\/02\/kredi-karti-gorsel-2048x262.jpg 2048w, https:\/\/ucuzkaroser.com\/wp-content\/uploads\/2026\/02\/kredi-karti-gorsel-600x77.jpg 600w\" sizes=\"auto, (max-width: 482px) 100vw, 482px\" \/><\/p>\n<p><span style=\"color: #333333;\"><b><span style=\"font-size: x-large;\">A\u00c7IK SAC KASA<\/span><\/b><\/span><\/p>\n<div>\n<p><span style=\"color: #333333;\"><b><span style=\"font-size: x-large;\">BOY : 440 cm\u00a0\u00a0DI\u015e<\/span><\/b><\/span><\/p>\n<p><span style=\"color: #333333;\"><b><span style=\"font-size: x-large;\">EN : 220 cm\u00a0\u00a0DI\u015e<\/span><\/b><\/span><\/p>\n<p><span style=\"color: #333333;\"><b><span style=\"font-size: x-large;\">KAPAK : 55 cm\u00a0\u0130\u00c7<\/span><\/b><\/span><\/p>\n<p><span style=\"color: #333333;\"><b><span style=\"font-size: x-large;\"><span style=\"font-size: x-large;\">TABAN : D\u00dcZ SAC<\/span><br \/>\n<\/span><\/b><\/span><\/p>\n<p><span style=\"color: #333333;\"><b><span style=\"font-size: x-large;\">GR\u0130 KU\u015eAKLI<\/span><\/b><\/span><\/p>\n<\/div>\n","protected":false},"excerpt":{"rendered":"<p>A\u00c7IK SAC KASA BOY : 440 cm\u00a0\u00a0DI\u015e EN : 220 cm\u00a0\u00a0DI\u015e KAPAK : 55 cm\u00a0\u0130\u00c7 TABAN : D\u00dcZ SAC GR\u0130 KU\u015eAKLI<\/p>\n","protected":false},"featured_media":6414,"comment_status":"open","ping_status":"closed","template":"","meta":[],"class_list":{"0":"post-4818","1":"product","2":"type-product","3":"status-publish","4":"has-post-thumbnail","6":"product_cat-2-el-kasalar-urun-gruplari","7":"product_cat-acik-sac-kasa-urun-gruplari","9":"first","10":"instock","11":"sale","12":"shipping-taxable","13":"purchasable","14":"product-type-simple"},"_links":{"self":[{"href":"https:\/\/ucuzkaroser.com\/index.php?rest_route=\/wp\/v2\/product\/4818","targetHints":{"allow":["GET"]}}],"collection":[{"href":"https:\/\/ucuzkaroser.com\/index.php?rest_route=\/wp\/v2\/product"}],"about":[{"href":"https:\/\/ucuzkaroser.com\/index.php?rest_route=\/wp\/v2\/types\/product"}],"replies":[{"embeddable":true,"href":"https:\/\/ucuzkaroser.com\/index.php?rest_route=%2Fwp%2Fv2%2Fcomments&post=4818"}],"wp:featuredmedia":[{"embeddable":true,"href":"https:\/\/ucuzkaroser.com\/index.php?rest_route=\/wp\/v2\/media\/6414"}],"wp:attachment":[{"href":"https:\/\/ucuzkaroser.com\/index.php?rest_route=%2Fwp%2Fv2%2Fmedia&parent=4818"}],"curies":[{"name":"wp","href":"https:\/\/api.w.org\/{rel}","templated":true}]}}