{"id":322,"date":"2020-07-12T15:28:33","date_gmt":"2020-07-12T15:28:33","guid":{"rendered":"https:\/\/ucuzkaroser.com\/?page_id=322"},"modified":"2020-07-12T15:28:33","modified_gmt":"2020-07-12T15:28:33","slug":"teknik-detaylar","status":"publish","type":"page","link":"https:\/\/ucuzkaroser.com\/?page_id=322","title":{"rendered":"Teknik Detaylar"},"content":{"rendered":"<ul>\n<li><span style=\"font-family: Verdana; font-size: small;\">\u015ease, 40x80x3 mm kal\u0131nl\u0131\u011f\u0131nda \u00f6zel takviyeli kutu profilden olu\u015fur.<\/span><\/li>\n<li><span style=\"font-family: Verdana; font-size: small;\">Yast\u0131klar, 80x35x3 mm kal\u0131nl\u0131\u011f\u0131nda U kesitli malzemeden olu\u015fur.<\/span><\/li>\n<li><span style=\"font-family: Verdana; font-size: small;\">Kasa iskeleti, 40x60x1,5 mm kal\u0131nl\u0131\u011f\u0131nda kutu profilden olu\u015fur.<\/span><\/li>\n<li><span style=\"font-family: Verdana; font-size: small;\">\u00d6n ve yan duvarlarda, 1,5 mm kal\u0131nl\u0131\u011f\u0131nda A1 kalite Ere\u011fli sac kullan\u0131l\u0131r.<\/span><\/li>\n<li><span style=\"font-family: Verdana; font-size: small;\">Taban, 4 mm kal\u0131nl\u0131\u011f\u0131nda baklava sacdan olu\u015fur.<\/span><\/li>\n<li><span style=\"font-family: Verdana; font-size: small;\">Kasa zemini solvent ile silindikten sonra 3 kat boya ile boyan\u0131r.<\/span><\/li>\n<\/ul>\n<p>&nbsp;<\/p>\n<div align=\"center\">\n<table id=\"table2\" border=\"2\" width=\"700\" cellpadding=\"2\">\n<tbody>\n<tr>\n<td align=\"center\" width=\"175\"><b><span style=\"color: #800000; font-family: Verdana;\">ARA\u00c7 C\u0130NS\u0130<\/span><\/b><\/td>\n<td align=\"center\" width=\"175\"><b><span style=\"color: #800000; font-family: Verdana;\">KASA BOYU (w)<\/span><\/b><\/td>\n<td align=\"center\" width=\"175\"><b><span style=\"color: #800000; font-family: Verdana;\">KASA EN\u0130 (n)<\/span><\/b><\/td>\n<td align=\"center\" width=\"175\"><b><span style=\"color: #800000; font-family: Verdana;\">KASA Y\u00dcKSEKL\u0130\u011e\u0130 (h)<\/span><\/b><\/td>\n<\/tr>\n<tr>\n<td align=\"left\" width=\"175\"><span style=\"color: #000080; font-family: Tahoma; font-size: small;\">Isuzu N.Q.R<\/span><\/td>\n<td align=\"center\" width=\"175\"><span style=\"color: #000080; font-family: Tahoma; font-size: small;\">510 cm<\/span><\/td>\n<td align=\"center\" width=\"175\"><span style=\"color: #000080; font-family: Tahoma; font-size: small;\">225 cm<\/span><\/td>\n<td align=\"center\" width=\"175\"><span style=\"color: #000080; font-family: Tahoma; font-size: small;\">200 cm<\/span><\/td>\n<\/tr>\n<tr>\n<td align=\"left\" width=\"175\"><span style=\"color: #000080; font-family: Tahoma; font-size: small;\">Isuzu N.P.R<\/span><\/td>\n<td align=\"center\" width=\"175\"><span style=\"color: #000080; font-family: Tahoma; font-size: small;\">440 cm<\/span><\/td>\n<td align=\"center\" width=\"175\"><span style=\"color: #000080; font-family: Tahoma; font-size: small;\">208 cm<\/span><\/td>\n<td align=\"center\" width=\"175\"><span style=\"color: #000080; font-family: Tahoma; font-size: small;\">185 cm<\/span><\/td>\n<\/tr>\n<tr>\n<td align=\"left\" width=\"175\"><span style=\"color: #000080; font-family: Tahoma; font-size: small;\">Isuzu Wide<\/span><\/td>\n<td align=\"center\" width=\"175\"><span style=\"color: #000080; font-family: Tahoma; font-size: small;\">360 cm<\/span><\/td>\n<td align=\"center\" width=\"175\"><span style=\"color: #000080; font-family: Tahoma; font-size: small;\">205 cm<\/span><\/td>\n<td align=\"center\" width=\"175\"><span style=\"color: #000080; font-family: Tahoma; font-size: small;\">185 cm<\/span><\/td>\n<\/tr>\n<tr>\n<td align=\"left\" width=\"175\"><span style=\"color: #000080; font-family: Tahoma; font-size: small;\">Isuzu N.K.R<\/span><\/td>\n<td align=\"center\" width=\"175\"><span style=\"color: #000080; font-family: Tahoma; font-size: small;\">330 cm<\/span><\/td>\n<td align=\"center\" width=\"175\"><span style=\"color: #000080; font-family: Tahoma; font-size: small;\">175 cm<\/span><\/td>\n<td align=\"center\" width=\"175\"><span style=\"color: #000080; font-family: Tahoma; font-size: small;\">170 cm<\/span><\/td>\n<\/tr>\n<tr>\n<td align=\"left\" width=\"175\"><span style=\"color: #000080; font-family: Tahoma; font-size: small;\">Isuzu Low<\/span><\/td>\n<td align=\"center\" width=\"175\"><span style=\"color: #000080; font-family: Tahoma; font-size: small;\">330 cm<\/span><\/td>\n<td align=\"center\" width=\"175\"><span style=\"color: #000080; font-family: Tahoma; font-size: small;\">180 cm<\/span><\/td>\n<td align=\"center\" width=\"175\"><span style=\"color: #000080; font-family: Tahoma; font-size: small;\">170 cm<\/span><\/td>\n<\/tr>\n<tr>\n<td align=\"left\" width=\"175\"><span style=\"color: #000080; font-family: Tahoma; font-size: small;\">Mitsubishi 859 G<\/span><\/td>\n<td align=\"center\" width=\"175\"><span style=\"color: #000080; font-family: Tahoma; font-size: small;\">520 cm<\/span><\/td>\n<td align=\"center\" width=\"175\"><span style=\"color: #000080; font-family: Tahoma; font-size: small;\">208 cm<\/span><\/td>\n<td align=\"center\" width=\"175\"><span style=\"color: #000080; font-family: Tahoma; font-size: small;\">185 cm<\/span><\/td>\n<\/tr>\n<tr>\n<td align=\"left\" width=\"175\"><span style=\"color: #000080; font-family: Tahoma; font-size: small;\">Mitsubishi 859 E<\/span><\/td>\n<td align=\"center\" width=\"175\">\u00a0\u00a0<span style=\"color: #000080; font-family: Tahoma; font-size: small;\">440 cm<\/span><\/td>\n<td align=\"center\" width=\"175\"><span style=\"color: #000080; font-family: Tahoma; font-size: small;\">208 cm<\/span><\/td>\n<td align=\"center\" width=\"175\"><span style=\"color: #000080; font-family: Tahoma; font-size: small;\">185 cm<\/span><\/td>\n<\/tr>\n<tr>\n<td align=\"left\" width=\"175\"><span style=\"color: #000080; font-family: Tahoma; font-size: small;\">Mitsubishi\u00a0839 C<\/span><\/td>\n<td align=\"center\" width=\"175\"><span style=\"color: #000080; font-family: Tahoma; font-size: small;\">360 cm<\/span><\/td>\n<td align=\"center\" width=\"175\"><span style=\"color: #000080; font-family: Tahoma; font-size: small;\">205 cm<\/span><\/td>\n<td align=\"center\" width=\"175\"><span style=\"color: #000080; font-family: Tahoma; font-size: small;\">185 cm<\/span><\/td>\n<\/tr>\n<tr>\n<td align=\"left\" width=\"175\"><span style=\"color: #000080; font-family: Tahoma; font-size: small;\">Mitsubishi 711 B<\/span><\/td>\n<td align=\"center\" width=\"175\"><span style=\"color: #000080; font-family: Tahoma; font-size: small;\">330 cm<\/span><\/td>\n<td align=\"center\" width=\"175\"><span style=\"color: #000080; font-family: Tahoma; font-size: small;\">175 cm<\/span><\/td>\n<td align=\"center\" width=\"175\"><span style=\"color: #000080; font-family: Tahoma; font-size: small;\">170 cm<\/span><\/td>\n<\/tr>\n<tr>\n<td align=\"left\" width=\"175\"><span style=\"color: #000080; font-family: Tahoma; font-size: small;\">Iveco 80.12<\/span><\/td>\n<td align=\"center\" width=\"175\"><span style=\"color: #000080; font-family: Tahoma; font-size: small;\">520 cm<\/span><\/td>\n<td align=\"center\" width=\"175\"><span style=\"color: #000080; font-family: Tahoma; font-size: small;\">208 cm<\/span><\/td>\n<td align=\"center\" width=\"175\"><span style=\"color: #000080; font-family: Tahoma; font-size: small;\">200 cm<\/span><\/td>\n<\/tr>\n<tr>\n<td align=\"left\" width=\"175\"><span style=\"color: #000080; font-family: Tahoma; font-size: small;\">Iveco 65.9<\/span><\/td>\n<td align=\"center\" width=\"175\"><span style=\"color: #000080; font-family: Tahoma; font-size: small;\">440 cm<\/span><\/td>\n<td align=\"center\" width=\"175\"><span style=\"color: #000080; font-family: Tahoma; font-size: small;\">208 cm<\/span><\/td>\n<td align=\"center\" width=\"175\"><span style=\"color: #000080; font-family: Tahoma; font-size: small;\">200 cm<\/span><\/td>\n<\/tr>\n<tr>\n<td align=\"left\" width=\"175\"><span style=\"color: #000080; font-family: Tahoma; font-size: small;\">Iveco Daily 35.9<\/span><\/td>\n<td align=\"center\" width=\"175\"><span style=\"color: #000080; font-family: Tahoma; font-size: small;\">400 cm<\/span><\/td>\n<td align=\"center\" width=\"175\"><span style=\"color: #000080; font-family: Tahoma; font-size: small;\">208 cm<\/span><\/td>\n<td align=\"center\" width=\"175\"><span style=\"color: #000080; font-family: Tahoma; font-size: small;\">190 cm<\/span><\/td>\n<\/tr>\n<tr>\n<td align=\"left\" width=\"175\"><span style=\"color: #000080; font-family: Tahoma; font-size: small;\">Hino FB 112<\/span><\/td>\n<td align=\"center\" width=\"175\"><span style=\"color: #000080; font-family: Tahoma; font-size: small;\">440 cm<\/span><\/td>\n<td align=\"center\" width=\"175\"><span style=\"color: #000080; font-family: Tahoma; font-size: small;\">208 cm<\/span><\/td>\n<td align=\"center\" width=\"175\"><span style=\"color: #000080; font-family: Tahoma; font-size: small;\">185 cm<\/span><\/td>\n<\/tr>\n<tr>\n<td align=\"left\" width=\"175\"><span style=\"color: #000080; font-family: Tahoma; font-size: small;\">Kia Bongo K2500<\/span><\/td>\n<td align=\"center\" width=\"175\"><span style=\"color: #000080; font-family: Tahoma; font-size: small;\">330 cm<\/span><\/td>\n<td align=\"center\" width=\"175\"><span style=\"color: #000080; font-family: Tahoma; font-size: small;\">180 cm<\/span><\/td>\n<td align=\"center\" width=\"175\"><span style=\"color: #000080; font-family: Tahoma; font-size: small;\">170 cm<\/span><\/td>\n<\/tr>\n<tr>\n<td align=\"left\" width=\"175\"><span style=\"color: #000080; font-family: Tahoma; font-size: small;\">Kia Bongo K2700 Tek Tek.<\/span><\/td>\n<td align=\"center\" width=\"175\"><span style=\"color: #000080; font-family: Tahoma; font-size: small;\">300 cm<\/span><\/td>\n<td align=\"center\" width=\"175\"><span style=\"color: #000080; font-family: Tahoma; font-size: small;\">180 cm<\/span><\/td>\n<td align=\"center\" width=\"175\"><span style=\"color: #000080; font-family: Tahoma; font-size: small;\">170 cm<\/span><\/td>\n<\/tr>\n<tr>\n<td align=\"left\" width=\"175\"><span style=\"color: #000080; font-family: Tahoma; font-size: small;\">Hyundai 77<\/span><\/td>\n<td align=\"center\" width=\"175\"><span style=\"color: #000080; font-family: Tahoma; font-size: small;\">500 cm<\/span><\/td>\n<td align=\"center\" width=\"175\"><span style=\"color: #000080; font-family: Tahoma; font-size: small;\">208 cm<\/span><\/td>\n<td align=\"center\" width=\"175\"><span style=\"color: #000080; font-family: Tahoma; font-size: small;\">185 cm<\/span><\/td>\n<\/tr>\n<tr>\n<td align=\"left\" width=\"175\"><span style=\"color: #000080; font-family: Tahoma; font-size: small;\">Hyundai 72<\/span><\/td>\n<td align=\"center\" width=\"175\"><span style=\"color: #000080; font-family: Tahoma; font-size: small;\">440 cm<\/span><\/td>\n<td align=\"center\" width=\"175\"><span style=\"color: #000080; font-family: Tahoma; font-size: small;\">208 cm<\/span><\/td>\n<td align=\"center\" width=\"175\"><span style=\"color: #000080; font-family: Tahoma; font-size: small;\">185 cm<\/span><\/td>\n<\/tr>\n<tr>\n<td align=\"left\" width=\"175\"><span style=\"color: #000080; font-family: Tahoma; font-size: small;\">Hyundai Hd35<\/span><\/td>\n<td align=\"center\" width=\"175\"><span style=\"color: #000080; font-family: Tahoma; font-size: small;\">360 cm<\/span><\/td>\n<td align=\"center\" width=\"175\"><span style=\"color: #000080; font-family: Tahoma; font-size: small;\">205 cm<\/span><\/td>\n<td align=\"center\" width=\"175\"><span style=\"color: #000080; font-family: Tahoma; font-size: small;\">185 cm<\/span><\/td>\n<\/tr>\n<tr>\n<td align=\"left\" width=\"175\"><span style=\"color: #000080; font-family: Tahoma; font-size: small;\">Hyundai H100<\/span><\/td>\n<td align=\"center\" width=\"175\"><span style=\"color: #000080; font-family: Tahoma; font-size: small;\">285 cm<\/span><\/td>\n<td align=\"center\" width=\"175\"><span style=\"color: #000080; font-family: Tahoma; font-size: small;\">170 cm<\/span><\/td>\n<td align=\"center\" width=\"175\"><span style=\"color: #000080; font-family: Tahoma; font-size: small;\">165 cm<\/span><\/td>\n<\/tr>\n<\/tbody>\n<\/table>\n<\/div>\n<p>&nbsp;<\/p>\n","protected":false},"excerpt":{"rendered":"<p>\u015ease, 40x80x3 mm kal\u0131nl\u0131\u011f\u0131nda \u00f6zel takviyeli kutu profilden olu\u015fur. Yast\u0131klar, 80x35x3 mm kal\u0131nl\u0131\u011f\u0131nda U kesitli malzemeden olu\u015fur. Kasa iskeleti, 40x60x1,5 mm kal\u0131nl\u0131\u011f\u0131nda kutu profilden olu\u015fur. \u00d6n ve yan duvarlarda, 1,5 mm kal\u0131nl\u0131\u011f\u0131nda A1 kalite Ere\u011fli sac kullan\u0131l\u0131r. Taban, 4 mm kal\u0131nl\u0131\u011f\u0131nda baklava sacdan olu\u015fur. Kasa zemini solvent ile silindikten sonra 3 kat boya ile boyan\u0131r&#8230;<\/p>\n","protected":false},"author":1,"featured_media":0,"parent":0,"menu_order":0,"comment_status":"closed","ping_status":"closed","template":"","meta":{"footnotes":""},"class_list":["post-322","page","type-page","status-publish","hentry"],"_links":{"self":[{"href":"https:\/\/ucuzkaroser.com\/index.php?rest_route=\/wp\/v2\/pages\/322","targetHints":{"allow":["GET"]}}],"collection":[{"href":"https:\/\/ucuzkaroser.com\/index.php?rest_route=\/wp\/v2\/pages"}],"about":[{"href":"https:\/\/ucuzkaroser.com\/index.php?rest_route=\/wp\/v2\/types\/page"}],"author":[{"embeddable":true,"href":"https:\/\/ucuzkaroser.com\/index.php?rest_route=\/wp\/v2\/users\/1"}],"replies":[{"embeddable":true,"href":"https:\/\/ucuzkaroser.com\/index.php?rest_route=%2Fwp%2Fv2%2Fcomments&post=322"}],"version-history":[{"count":1,"href":"https:\/\/ucuzkaroser.com\/index.php?rest_route=\/wp\/v2\/pages\/322\/revisions"}],"predecessor-version":[{"id":323,"href":"https:\/\/ucuzkaroser.com\/index.php?rest_route=\/wp\/v2\/pages\/322\/revisions\/323"}],"wp:attachment":[{"href":"https:\/\/ucuzkaroser.com\/index.php?rest_route=%2Fwp%2Fv2%2Fmedia&parent=322"}],"curies":[{"name":"wp","href":"https:\/\/api.w.org\/{rel}","templated":true}]}}