{"id":32,"date":"2018-10-22T14:42:22","date_gmt":"2018-10-22T11:42:22","guid":{"rendered":"http:\/\/demo.temavadisi.com\/vadimarket\/?page_id=32"},"modified":"2020-07-01T07:21:42","modified_gmt":"2020-07-01T07:21:42","slug":"iletisim","status":"publish","type":"page","link":"https:\/\/ucuzkaroser.com\/?page_id=32","title":{"rendered":"\u0130leti\u015fim"},"content":{"rendered":"<div class=\"content\">\n<div class=\"row\">\n<div class=\"col-md-12\">\n<div class=\"contact-content-line\">\n<h3 class=\"tleft\">\u0130LET\u0130\u015e\u0130M B\u0130LG\u0130LER\u0130<\/h3>\n<\/div>\n<\/div>\n<\/div>\n<div class=\"row cizgi\">\n<div class=\"col-md-3 col-sm-3 col-xs-3 iletisim-left\"><i class=\"fa fa-phone fa-fw\" aria-hidden=\"true\"><\/i>\u00a0\u00a0 Telefon<\/div>\n<div class=\"col-md-9 col-sm-9 col-xs-9 iletisim-right\">0216 394 26 34 &#8211; 0216 394 82 45 &#8211; 0533 954 82 11<\/div>\n<\/div>\n<div class=\"row cizgi\">\n<div class=\"col-md-3 col-sm-3 col-xs-3 iletisim-left\"><i class=\"fa fa-fax fa-fw\" aria-hidden=\"true\"><\/i>\u00a0\u00a0 Faks<\/div>\n<div class=\"col-md-9 col-sm-9 col-xs-9 iletisim-right\">0216 394 16 28<\/div>\n<\/div>\n<div class=\"row cizgi\">\n<div class=\"col-md-3 col-sm-3 col-xs-3 iletisim-left\"><i class=\"fa fa-envelope fa-fw\" aria-hidden=\"true\"><\/i>\u00a0\u00a0 E-Posta<\/div>\n<div class=\"col-md-9 col-sm-9 col-xs-9 iletisim-right\">info@emrekasa.com.tr<\/div>\n<\/div>\n<div class=\"row cizgi\">\n<div class=\"col-md-3 col-sm-3 col-xs-3 iletisim-left\"><i class=\"fa fa-map-marker fa-fw\" aria-hidden=\"true\"><\/i>\u00a0\u00a0 Adres<\/div>\n<div class=\"col-md-9 col-sm-9 col-xs-9 iletisim-right\">Mescit Mahallesi Demokrasi Cad. Birmes Sanayi Sitesi A-1 Blok No :3 D:4\/1 Orhanli &#8211; Tuzla \/ ISTANBUL<\/div>\n<\/div>\n<\/div>\n","protected":false},"excerpt":{"rendered":"<p>\u0130LET\u0130\u015e\u0130M B\u0130LG\u0130LER\u0130 \u00a0\u00a0 Telefon 0216 394 26 34 &#8211; 0216 394 82 45 &#8211; 0533 954 82 11 \u00a0\u00a0 Faks 0216 394 16 28 \u00a0\u00a0 E-Posta info@emrekasa.com.tr \u00a0\u00a0 Adres Mescit Mahallesi Demokrasi Cad. Birmes Sanayi Sitesi A-1 Blok No :3 D:4\/1 Orhanli &#8211; Tuzla \/ ISTANBUL<\/p>\n","protected":false},"author":1,"featured_media":0,"parent":0,"menu_order":0,"comment_status":"closed","ping_status":"closed","template":"page-iletisim.php","meta":{"footnotes":""},"class_list":["post-32","page","type-page","status-publish","hentry"],"_links":{"self":[{"href":"https:\/\/ucuzkaroser.com\/index.php?rest_route=\/wp\/v2\/pages\/32","targetHints":{"allow":["GET"]}}],"collection":[{"href":"https:\/\/ucuzkaroser.com\/index.php?rest_route=\/wp\/v2\/pages"}],"about":[{"href":"https:\/\/ucuzkaroser.com\/index.php?rest_route=\/wp\/v2\/types\/page"}],"author":[{"embeddable":true,"href":"https:\/\/ucuzkaroser.com\/index.php?rest_route=\/wp\/v2\/users\/1"}],"replies":[{"embeddable":true,"href":"https:\/\/ucuzkaroser.com\/index.php?rest_route=%2Fwp%2Fv2%2Fcomments&post=32"}],"version-history":[{"count":2,"href":"https:\/\/ucuzkaroser.com\/index.php?rest_route=\/wp\/v2\/pages\/32\/revisions"}],"predecessor-version":[{"id":273,"href":"https:\/\/ucuzkaroser.com\/index.php?rest_route=\/wp\/v2\/pages\/32\/revisions\/273"}],"wp:attachment":[{"href":"https:\/\/ucuzkaroser.com\/index.php?rest_route=%2Fwp%2Fv2%2Fmedia&parent=32"}],"curies":[{"name":"wp","href":"https:\/\/api.w.org\/{rel}","templated":true}]}}