{"id":128,"date":"2018-10-23T18:43:59","date_gmt":"2018-10-23T15:43:59","guid":{"rendered":"http:\/\/demo.temavadisi.com\/vadimarket\/?page_id=126"},"modified":"2020-07-01T07:20:00","modified_gmt":"2020-07-01T07:20:00","slug":"hakkimizda","status":"publish","type":"page","link":"https:\/\/ucuzkaroser.com\/?page_id=128","title":{"rendered":"Hakk\u0131m\u0131zda"},"content":{"rendered":"<p align=\"left\"><strong><span style=\"font-family: Tahoma; font-size: small;\">EMRE KASA A.\u015e. 2000 Y\u0131l\u0131nda\u00a0<span class=\"style1\"><span style=\"color: #000080;\">Mehmet, Mustafa, Ziya, Ahmet ALKAN<\/span><\/span>\u00a0karde\u015fler taraf\u0131ndan kurularak, Standart Ara\u00e7 \u00dcst Yap\u0131lar\u0131 imalat\u0131na ba\u015flad\u0131.<\/span><\/strong><\/p>\n<p align=\"left\"><strong><span style=\"font-family: Tahoma; font-size: small;\">Firmam\u0131zda ilk etapta A\u00e7\u0131k Sa\u00e7 Kasa imalat\u0131na ba\u015flanm\u0131\u015f ve daha sonra g\u00fcn\u00fcm\u00fcz \u015fartlar\u0131na uygun olarak<\/span><\/strong><\/p>\n<p align=\"left\"><strong><span style=\"font-family: Tahoma; font-size: small;\">A\u00e7\u0131k Sac Kasa, A\u00e7\u0131k Al\u00fcminyum Kasa, Kapal\u0131 Sac Kasa, Kapal\u0131 Al\u00fcminyum Kasa, Kayar Brandal\u0131 Kasa, Tonajs\u0131z Brandal\u0131 Kasa, Me\u015frubat ve T\u00fcp Kasalar\u0131 imalat\u0131na ge\u00e7ilmi\u015ftir.<\/span><\/strong><\/p>\n<p align=\"left\"><strong><span style=\"font-family: Tahoma; font-size: small;\">Ko\u015fulsuz M\u00fc\u015fteri Memnuniyeti , al\u0131n terine ve eme\u011fe olan sayg\u0131y\u0131 benimsedi\u011fimiz ilke ve politikalar\u0131m\u0131z\u0131n ba\u015f\u0131nda yer almaktad\u0131r.<\/span><\/strong><\/p>\n<p align=\"left\"><strong><span style=\"font-family: Tahoma; font-size: small;\">Emre Kasa A.\u015e. B\u00fcnyesindeki personelimiz standart ara\u00e7 \u00fcst yap\u0131lar\u0131 imalat\u0131nda \u00e7al\u0131\u015fabilecek vas\u0131flara sahip ki\u015filerden olu\u015fmaktad\u0131r.<\/span><\/strong><\/p>\n<p align=\"left\"><strong><span style=\"font-family: Tahoma; font-size: small;\">Emre Kasa A.\u015e. 900 m2 kapal\u0131 imalat alan\u0131, modern ara\u00e7 ve te\u00e7hizat\u0131 ve g\u00fcler y\u00fczl\u00fc personeli ile siz de\u011ferli m\u00fc\u015fterilerimize hizmet vermek i\u00e7in haz\u0131r beklemektedir.<\/span><\/strong><\/p>\n<p align=\"left\"><span style=\"font-family: Tahoma;\"><strong><span style=\"font-size: small;\">Hedefimiz;&#8221;<span style=\"color: #000080;\">\u00a0<\/span><span class=\"style2\"><span style=\"color: #000080;\">KASADA SORUNUN B\u0130TT\u0130\u011e\u0130 ADRES&#8221;<\/span><\/span>\u00a0olmakt\u0131r. B\u00fct\u00fcn \u00e7al\u0131\u015fmalar\u0131m\u0131z\u0131 slogan\u0131m\u0131z do\u011frultusunda planlay\u0131p standart ara\u00e7 \u00fcst yap\u0131lar\u0131 sekt\u00f6r\u00fcnde sayg\u0131n ve kal\u0131c\u0131 bir yere sahip olmakt\u0131r.<\/span><\/strong><\/span><\/p>\n","protected":false},"excerpt":{"rendered":"<p>EMRE KASA A.\u015e. 2000 Y\u0131l\u0131nda\u00a0Mehmet, Mustafa, Ziya, Ahmet ALKAN\u00a0karde\u015fler taraf\u0131ndan kurularak, Standart Ara\u00e7 \u00dcst Yap\u0131lar\u0131 imalat\u0131na ba\u015flad\u0131. Firmam\u0131zda ilk etapta A\u00e7\u0131k Sa\u00e7 Kasa imalat\u0131na ba\u015flanm\u0131\u015f ve daha sonra g\u00fcn\u00fcm\u00fcz \u015fartlar\u0131na uygun olarak A\u00e7\u0131k Sac Kasa, A\u00e7\u0131k Al\u00fcminyum Kasa, Kapal\u0131 Sac Kasa, Kapal\u0131 Al\u00fcminyum Kasa, Kayar Brandal\u0131 Kasa, Tonajs\u0131z Brandal\u0131 Kasa, Me\u015frubat ve T\u00fcp Kasalar\u0131 imalat\u0131na..<\/p>\n","protected":false},"author":1,"featured_media":0,"parent":0,"menu_order":0,"comment_status":"closed","ping_status":"closed","template":"","meta":{"footnotes":""},"class_list":["post-128","page","type-page","status-publish","hentry"],"_links":{"self":[{"href":"https:\/\/ucuzkaroser.com\/index.php?rest_route=\/wp\/v2\/pages\/128","targetHints":{"allow":["GET"]}}],"collection":[{"href":"https:\/\/ucuzkaroser.com\/index.php?rest_route=\/wp\/v2\/pages"}],"about":[{"href":"https:\/\/ucuzkaroser.com\/index.php?rest_route=\/wp\/v2\/types\/page"}],"author":[{"embeddable":true,"href":"https:\/\/ucuzkaroser.com\/index.php?rest_route=\/wp\/v2\/users\/1"}],"replies":[{"embeddable":true,"href":"https:\/\/ucuzkaroser.com\/index.php?rest_route=%2Fwp%2Fv2%2Fcomments&post=128"}],"version-history":[{"count":1,"href":"https:\/\/ucuzkaroser.com\/index.php?rest_route=\/wp\/v2\/pages\/128\/revisions"}],"predecessor-version":[{"id":271,"href":"https:\/\/ucuzkaroser.com\/index.php?rest_route=\/wp\/v2\/pages\/128\/revisions\/271"}],"wp:attachment":[{"href":"https:\/\/ucuzkaroser.com\/index.php?rest_route=%2Fwp%2Fv2%2Fmedia&parent=128"}],"curies":[{"name":"wp","href":"https:\/\/api.w.org\/{rel}","templated":true}]}}